{"id":7,"date":"2021-10-11T17:16:08","date_gmt":"2021-10-11T15:16:08","guid":{"rendered":"https:\/\/aliso.fr\/initiatives\/?page_id=7"},"modified":"2025-12-08T16:20:26","modified_gmt":"2025-12-08T15:20:26","slug":"beneficier-dun-conseil-dune-info","status":"publish","type":"page","link":"https:\/\/aliso.fr\/initiatives\/beneficier-dun-conseil-dune-info\/","title":{"rendered":"un conseil, une info \/ Guid&rsquo;Asso"},"content":{"rendered":"\n<p>Porteur du Centre de ressources et d&rsquo;information des b\u00e9n\u00e9voles, du Dispositif Local d&rsquo;Accompagnement, le R\u00e9seau ALISO s&rsquo;implique dans la construction du nouveau dispositif d&rsquo;appui aux associations, d\u00e9ploy\u00e9 sur les territoires par l&rsquo;Etat et le Mouvement Associatif.<\/p>\n\n\n\n<h2 class=\"wp-block-heading\">Guid&rsquo;Asso, qu&rsquo;est-ce que c&rsquo;est ?<\/h2>\n\n\n\n<p class=\"has-text-align-left\">D\u00e9but 2023, Guid&rsquo;Asso est d\u00e9ploy\u00e9 en Creuse, il a vocation a \u00eatre <strong>un r\u00e9seau d&rsquo;appui \u00e0 toute association, employeuse ou non, <\/strong>avec des points d&rsquo;information, d&rsquo;orientation et de conseil pr\u00e9sents sur le territoire d\u00e9partemental. Le r\u00e9seau est anim\u00e9 par la DSDEN (Service Jeunesses et Sports) et la FOL 23. Voir l&rsquo;<a href=\"https:\/\/aliso.fr\/initiatives\/2457-2\/\" target=\"_blank\" rel=\"noreferrer noopener\">article de pr\u00e9sentation ici<\/a>.<\/p>\n\n\n\n<p class=\"has-text-align-left\">Pour en savoir plus sur Guid&rsquo;Asso, voir la <a href=\"https:\/\/guidasso-nouvelleaquitaine.fr\/creuse\/\"><strong>pr\u00e9sentation de Guid&rsquo;Asso en Creuse ici<\/strong><\/a><\/p>\n","protected":false},"excerpt":{"rendered":"<p>Porteur du Centre de ressources et d&rsquo;information des b\u00e9n\u00e9voles, du Dispositif Local d&rsquo;Accompagnement, le R\u00e9seau ALISO s&rsquo;implique dans la construction du nouveau dispositif d&rsquo;appui aux associations, d\u00e9ploy\u00e9 sur les territoires par l&rsquo;Etat et le Mouvement Associatif. Guid&rsquo;Asso, qu&rsquo;est-ce que c&rsquo;est ? D\u00e9but 2023, Guid&rsquo;Asso est d\u00e9ploy\u00e9 en Creuse, il a vocation a \u00eatre un r\u00e9seau&#8230; <a class=\"excerpt-read-more button\" href=\"https:\/\/aliso.fr\/initiatives\/beneficier-dun-conseil-dune-info\/\" title=\"Readun conseil, une info \/ Guid&rsquo;Asso\">En savoir plus &raquo;<\/a><\/p>\n","protected":false},"author":1,"featured_media":0,"parent":0,"menu_order":0,"comment_status":"closed","ping_status":"closed","template":"","meta":{"footnotes":""},"class_list":["post-7","page","type-page","status-publish","hentry"],"yoast_head":"<!-- This site is optimized with the Yoast SEO plugin v27.5 - https:\/\/yoast.com\/product\/yoast-seo-wordpress\/ -->\n<title>un conseil, une info \/ Guid&#039;Asso - Aliso Initiatives<\/title>\n<meta name=\"description\" content=\"ALISO accompagne les associations dans leurs questionnements ou renseigne sur la vie associative. Elle est labellis\u00e9e GUID&#039;ASSO .\" \/>\n<meta name=\"robots\" content=\"index, follow, max-snippet:-1, max-image-preview:large, max-video-preview:-1\" \/>\n<link rel=\"canonical\" href=\"https:\/\/aliso.fr\/initiatives\/beneficier-dun-conseil-dune-info\/\" \/>\n<meta property=\"og:locale\" content=\"fr_FR\" \/>\n<meta property=\"og:type\" content=\"article\" \/>\n<meta property=\"og:title\" content=\"un conseil, une info \/ Guid&#039;Asso - Aliso Initiatives\" \/>\n<meta property=\"og:description\" content=\"ALISO accompagne les associations dans leurs questionnements ou renseigne sur la vie associative. Elle est labellis\u00e9e GUID&#039;ASSO .\" \/>\n<meta property=\"og:url\" content=\"https:\/\/aliso.fr\/initiatives\/beneficier-dun-conseil-dune-info\/\" \/>\n<meta property=\"og:site_name\" content=\"Aliso Initiatives\" \/>\n<meta property=\"article:modified_time\" content=\"2025-12-08T15:20:26+00:00\" \/>\n<meta name=\"twitter:card\" content=\"summary_large_image\" \/>\n<script type=\"application\/ld+json\" class=\"yoast-schema-graph\">{\"@context\":\"https:\\\/\\\/schema.org\",\"@graph\":[{\"@type\":\"WebPage\",\"@id\":\"https:\\\/\\\/aliso.fr\\\/initiatives\\\/beneficier-dun-conseil-dune-info\\\/\",\"url\":\"https:\\\/\\\/aliso.fr\\\/initiatives\\\/beneficier-dun-conseil-dune-info\\\/\",\"name\":\"un conseil, une info \\\/ Guid'Asso - Aliso Initiatives\",\"isPartOf\":{\"@id\":\"https:\\\/\\\/aliso.fr\\\/initiatives\\\/#website\"},\"datePublished\":\"2021-10-11T15:16:08+00:00\",\"dateModified\":\"2025-12-08T15:20:26+00:00\",\"description\":\"ALISO accompagne les associations dans leurs questionnements ou renseigne sur la vie associative. Elle est labellis\u00e9e GUID'ASSO .\",\"breadcrumb\":{\"@id\":\"https:\\\/\\\/aliso.fr\\\/initiatives\\\/beneficier-dun-conseil-dune-info\\\/#breadcrumb\"},\"inLanguage\":\"fr-FR\",\"potentialAction\":[{\"@type\":\"ReadAction\",\"target\":[\"https:\\\/\\\/aliso.fr\\\/initiatives\\\/beneficier-dun-conseil-dune-info\\\/\"]}]},{\"@type\":\"BreadcrumbList\",\"@id\":\"https:\\\/\\\/aliso.fr\\\/initiatives\\\/beneficier-dun-conseil-dune-info\\\/#breadcrumb\",\"itemListElement\":[{\"@type\":\"ListItem\",\"position\":1,\"name\":\"Accueil\",\"item\":\"https:\\\/\\\/aliso.fr\\\/initiatives\\\/\"},{\"@type\":\"ListItem\",\"position\":2,\"name\":\"un conseil, une info \\\/ Guid&rsquo;Asso\"}]},{\"@type\":\"WebSite\",\"@id\":\"https:\\\/\\\/aliso.fr\\\/initiatives\\\/#website\",\"url\":\"https:\\\/\\\/aliso.fr\\\/initiatives\\\/\",\"name\":\"Aliso Initiatives\",\"description\":\"R\u00e9seau Creusois des acteurs du lien social\",\"publisher\":{\"@id\":\"https:\\\/\\\/aliso.fr\\\/initiatives\\\/#organization\"},\"potentialAction\":[{\"@type\":\"SearchAction\",\"target\":{\"@type\":\"EntryPoint\",\"urlTemplate\":\"https:\\\/\\\/aliso.fr\\\/initiatives\\\/?s={search_term_string}\"},\"query-input\":{\"@type\":\"PropertyValueSpecification\",\"valueRequired\":true,\"valueName\":\"search_term_string\"}}],\"inLanguage\":\"fr-FR\"},{\"@type\":\"Organization\",\"@id\":\"https:\\\/\\\/aliso.fr\\\/initiatives\\\/#organization\",\"name\":\"Aliso Initiatives\",\"url\":\"https:\\\/\\\/aliso.fr\\\/initiatives\\\/\",\"logo\":{\"@type\":\"ImageObject\",\"inLanguage\":\"fr-FR\",\"@id\":\"https:\\\/\\\/aliso.fr\\\/initiatives\\\/#\\\/schema\\\/logo\\\/image\\\/\",\"url\":\"https:\\\/\\\/aliso.fr\\\/initiatives\\\/wp-content\\\/uploads\\\/sites\\\/2\\\/2022\\\/01\\\/Logo-ALISO-Initiatives-2.png\",\"contentUrl\":\"https:\\\/\\\/aliso.fr\\\/initiatives\\\/wp-content\\\/uploads\\\/sites\\\/2\\\/2022\\\/01\\\/Logo-ALISO-Initiatives-2.png\",\"width\":900,\"height\":657,\"caption\":\"Aliso Initiatives\"},\"image\":{\"@id\":\"https:\\\/\\\/aliso.fr\\\/initiatives\\\/#\\\/schema\\\/logo\\\/image\\\/\"}}]}<\/script>\n<!-- \/ Yoast SEO plugin. -->","yoast_head_json":{"title":"un conseil, une info \/ Guid'Asso - Aliso Initiatives","description":"ALISO accompagne les associations dans leurs questionnements ou renseigne sur la vie associative. Elle est labellis\u00e9e GUID'ASSO .","robots":{"index":"index","follow":"follow","max-snippet":"max-snippet:-1","max-image-preview":"max-image-preview:large","max-video-preview":"max-video-preview:-1"},"canonical":"https:\/\/aliso.fr\/initiatives\/beneficier-dun-conseil-dune-info\/","og_locale":"fr_FR","og_type":"article","og_title":"un conseil, une info \/ Guid'Asso - Aliso Initiatives","og_description":"ALISO accompagne les associations dans leurs questionnements ou renseigne sur la vie associative. Elle est labellis\u00e9e GUID'ASSO .","og_url":"https:\/\/aliso.fr\/initiatives\/beneficier-dun-conseil-dune-info\/","og_site_name":"Aliso Initiatives","article_modified_time":"2025-12-08T15:20:26+00:00","twitter_card":"summary_large_image","schema":{"@context":"https:\/\/schema.org","@graph":[{"@type":"WebPage","@id":"https:\/\/aliso.fr\/initiatives\/beneficier-dun-conseil-dune-info\/","url":"https:\/\/aliso.fr\/initiatives\/beneficier-dun-conseil-dune-info\/","name":"un conseil, une info \/ Guid'Asso - Aliso Initiatives","isPartOf":{"@id":"https:\/\/aliso.fr\/initiatives\/#website"},"datePublished":"2021-10-11T15:16:08+00:00","dateModified":"2025-12-08T15:20:26+00:00","description":"ALISO accompagne les associations dans leurs questionnements ou renseigne sur la vie associative. Elle est labellis\u00e9e GUID'ASSO .","breadcrumb":{"@id":"https:\/\/aliso.fr\/initiatives\/beneficier-dun-conseil-dune-info\/#breadcrumb"},"inLanguage":"fr-FR","potentialAction":[{"@type":"ReadAction","target":["https:\/\/aliso.fr\/initiatives\/beneficier-dun-conseil-dune-info\/"]}]},{"@type":"BreadcrumbList","@id":"https:\/\/aliso.fr\/initiatives\/beneficier-dun-conseil-dune-info\/#breadcrumb","itemListElement":[{"@type":"ListItem","position":1,"name":"Accueil","item":"https:\/\/aliso.fr\/initiatives\/"},{"@type":"ListItem","position":2,"name":"un conseil, une info \/ Guid&rsquo;Asso"}]},{"@type":"WebSite","@id":"https:\/\/aliso.fr\/initiatives\/#website","url":"https:\/\/aliso.fr\/initiatives\/","name":"Aliso Initiatives","description":"R\u00e9seau Creusois des acteurs du lien social","publisher":{"@id":"https:\/\/aliso.fr\/initiatives\/#organization"},"potentialAction":[{"@type":"SearchAction","target":{"@type":"EntryPoint","urlTemplate":"https:\/\/aliso.fr\/initiatives\/?s={search_term_string}"},"query-input":{"@type":"PropertyValueSpecification","valueRequired":true,"valueName":"search_term_string"}}],"inLanguage":"fr-FR"},{"@type":"Organization","@id":"https:\/\/aliso.fr\/initiatives\/#organization","name":"Aliso Initiatives","url":"https:\/\/aliso.fr\/initiatives\/","logo":{"@type":"ImageObject","inLanguage":"fr-FR","@id":"https:\/\/aliso.fr\/initiatives\/#\/schema\/logo\/image\/","url":"https:\/\/aliso.fr\/initiatives\/wp-content\/uploads\/sites\/2\/2022\/01\/Logo-ALISO-Initiatives-2.png","contentUrl":"https:\/\/aliso.fr\/initiatives\/wp-content\/uploads\/sites\/2\/2022\/01\/Logo-ALISO-Initiatives-2.png","width":900,"height":657,"caption":"Aliso Initiatives"},"image":{"@id":"https:\/\/aliso.fr\/initiatives\/#\/schema\/logo\/image\/"}}]}},"_links":{"self":[{"href":"https:\/\/aliso.fr\/initiatives\/wp-json\/wp\/v2\/pages\/7","targetHints":{"allow":["GET"]}}],"collection":[{"href":"https:\/\/aliso.fr\/initiatives\/wp-json\/wp\/v2\/pages"}],"about":[{"href":"https:\/\/aliso.fr\/initiatives\/wp-json\/wp\/v2\/types\/page"}],"author":[{"embeddable":true,"href":"https:\/\/aliso.fr\/initiatives\/wp-json\/wp\/v2\/users\/1"}],"replies":[{"embeddable":true,"href":"https:\/\/aliso.fr\/initiatives\/wp-json\/wp\/v2\/comments?post=7"}],"version-history":[{"count":5,"href":"https:\/\/aliso.fr\/initiatives\/wp-json\/wp\/v2\/pages\/7\/revisions"}],"predecessor-version":[{"id":3735,"href":"https:\/\/aliso.fr\/initiatives\/wp-json\/wp\/v2\/pages\/7\/revisions\/3735"}],"wp:attachment":[{"href":"https:\/\/aliso.fr\/initiatives\/wp-json\/wp\/v2\/media?parent=7"}],"curies":[{"name":"wp","href":"https:\/\/api.w.org\/{rel}","templated":true}]}}