{"id":8,"date":"2021-10-11T17:41:46","date_gmt":"2021-10-11T15:41:46","guid":{"rendered":"https:\/\/aliso.fr\/jeunesse\/?page_id=8"},"modified":"2022-06-13T14:41:42","modified_gmt":"2022-06-13T12:41:42","slug":"emploi-et-formations","status":"publish","type":"page","link":"https:\/\/aliso.fr\/jeunes\/emploi-et-formations\/","title":{"rendered":"Emploi et formations"},"content":{"rendered":"\n<div class=\"wp-block-media-text alignwide is-stacked-on-mobile\" style=\"grid-template-columns:16% auto\"><figure class=\"wp-block-media-text__media\"><img loading=\"lazy\" decoding=\"async\" width=\"306\" height=\"603\" src=\"https:\/\/aliso.fr\/integration\/jeunes\/wp-content\/uploads\/sites\/3\/2022\/02\/trouver-un-jobNA.png\" alt=\"\" class=\"wp-image-2035 size-full\" srcset=\"https:\/\/aliso.fr\/jeunes\/wp-content\/uploads\/sites\/3\/2022\/02\/trouver-un-jobNA.png 306w, https:\/\/aliso.fr\/jeunes\/wp-content\/uploads\/sites\/3\/2022\/02\/trouver-un-jobNA-152x300.png 152w\" sizes=\"auto, (max-width: 306px) 100vw, 306px\" \/><\/figure><div class=\"wp-block-media-text__content\">\n<p><a href=\"http:\/\/www.connect-comtogether.com\/flipbook\/3796f138d03128429bcccf1605cf79cc\/\" target=\"_blank\" rel=\"noreferrer noopener\">Guide Trouver un job  Nouvelle-Aquitaine 2022<\/a><\/p>\n\n\n\n<p>Des infos, des astuces et des conseils pour une recherche de job efficace !<br>Sans oublier des id\u00e9es de jobs insolites et une s\u00e9lection de sites web.<\/p>\n<\/div><\/div>\n\n\n\n<div style=\"height:50px\" aria-hidden=\"true\" class=\"wp-block-spacer\"><\/div>\n\n\n\n<p>Une r\u00e9alisation du CIDJ et du r\u00e9seau Info Jeunes&nbsp;Nouvelle- Aquitaine.<\/p>\n\n\n\n<p>ALISO Jeunes travaille en partenariat \u00e9troit avec la <a href=\"https:\/\/www.facebook.com\/mlcreuse23\/\" target=\"_blank\" rel=\"noreferrer noopener\">Mission Locale de la Creuse<\/a>. Nous r\u00e9alisons de nombreux projets en commun afin d&rsquo;offrir aux jeunes toutes les possibilit\u00e9s d&#8217;emploi, de formations et d&rsquo;accompagnement. ALISO est aussi partenaire avec <a href=\"http:\/\/www.pole-emploi.fr\/accueil\/\" target=\"_blank\" rel=\"noreferrer noopener\">P\u00f4le Emploi <\/a> avec qui nous proposons chaque ann\u00e9e l&rsquo;Op\u00e9ration Jobs d&rsquo; Et\u00e9.<\/p>\n\n\n\n<p><a href=\"http:\/\/www.capemploi23.com\/\" target=\"_blank\" rel=\"noreferrer noopener\">Cap Emploi<\/a> \/ <a href=\"http:\/\/www.randstad.fr\/recherche_offres\/all\/ville\/gueret_23000\/25\" target=\"_blank\" rel=\"noreferrer noopener\">Randstad<\/a> \/ <a href=\"http:\/\/www.fol-23.fr\/\" target=\"_blank\" rel=\"noreferrer noopener\">FOL 23<\/a> \/ <a href=\"https:\/\/www.actointerim.com\/candidats\/agences\/acto-gueret\/\" target=\"_blank\" rel=\"noreferrer noopener\">Acto Interim<\/a><\/p>\n\n\n\n<div style=\"height:30px\" aria-hidden=\"true\" class=\"wp-block-spacer\"><\/div>\n\n\n\n<h2 class=\"wp-block-heading\">Nos derni\u00e8res offres d&#8217;emploi :<\/h2>\n\n\n\n<div style=\"height:30px\" aria-hidden=\"true\" class=\"wp-block-spacer\"><\/div>\n\n\n<ul class=\"wp-block-latest-posts__list wp-block-latest-posts\"><li><div class=\"wp-block-latest-posts__featured-image\"><img loading=\"lazy\" decoding=\"async\" width=\"212\" height=\"300\" src=\"https:\/\/aliso.fr\/jeunes\/wp-content\/uploads\/sites\/3\/2022\/07\/Sans-titre-212x300.png\" class=\"attachment-medium size-medium wp-post-image\" alt=\"\" style=\"max-height:150px;\" srcset=\"https:\/\/aliso.fr\/jeunes\/wp-content\/uploads\/sites\/3\/2022\/07\/Sans-titre-212x300.png 212w, https:\/\/aliso.fr\/jeunes\/wp-content\/uploads\/sites\/3\/2022\/07\/Sans-titre-724x1024.png 724w, https:\/\/aliso.fr\/jeunes\/wp-content\/uploads\/sites\/3\/2022\/07\/Sans-titre-768x1086.png 768w, https:\/\/aliso.fr\/jeunes\/wp-content\/uploads\/sites\/3\/2022\/07\/Sans-titre-1086x1536.png 1086w, https:\/\/aliso.fr\/jeunes\/wp-content\/uploads\/sites\/3\/2022\/07\/Sans-titre.png 1414w\" sizes=\"auto, (max-width: 212px) 100vw, 212px\" \/><\/div><a class=\"wp-block-latest-posts__post-title\" href=\"https:\/\/aliso.fr\/jeunes\/cueilleurs-ses-de-myrtilles-emplois\/\">CUEILLEURS\/SES DE MYRTILLES (emplois)<\/a><div class=\"wp-block-latest-posts__post-excerpt\">de mi-juin \u00e0 fin ao\u00fbt (en fonction de la m\u00e9t\u00e9o) Un moyen de locomotion motoris\u00e9 est n\u00e9cessaireD\u00e9butants accept\u00e9s. A partir de 16 ansExploitation familiale situ\u00e9e \u00e0 Boussac-Bourg.Equipe r\u00e9nov\u00e9e * nouveaux repreneurs*Postuler sur notre site: www.myrtille.fr (Job-embauche). On vous attend!<\/div><\/li>\n<li><div class=\"wp-block-latest-posts__featured-image\"><img loading=\"lazy\" decoding=\"async\" width=\"300\" height=\"300\" src=\"https:\/\/aliso.fr\/jeunes\/wp-content\/uploads\/sites\/3\/2022\/07\/82234856_2869860996399176_5663051135829671936_n-300x300.jpeg\" class=\"attachment-medium size-medium wp-post-image\" alt=\"\" style=\"max-height:150px;\" srcset=\"https:\/\/aliso.fr\/jeunes\/wp-content\/uploads\/sites\/3\/2022\/07\/82234856_2869860996399176_5663051135829671936_n-300x300.jpeg 300w, https:\/\/aliso.fr\/jeunes\/wp-content\/uploads\/sites\/3\/2022\/07\/82234856_2869860996399176_5663051135829671936_n-150x150.jpeg 150w, https:\/\/aliso.fr\/jeunes\/wp-content\/uploads\/sites\/3\/2022\/07\/82234856_2869860996399176_5663051135829671936_n-125x125.jpeg 125w, https:\/\/aliso.fr\/jeunes\/wp-content\/uploads\/sites\/3\/2022\/07\/82234856_2869860996399176_5663051135829671936_n.jpeg 431w\" sizes=\"auto, (max-width: 300px) 100vw, 300px\" \/><\/div><a class=\"wp-block-latest-posts__post-title\" href=\"https:\/\/aliso.fr\/jeunes\/village-de-masgot-emplois\/\">Village de Masgot (emplois)<\/a><div class=\"wp-block-latest-posts__post-excerpt\">Gestionnaire d&rsquo;un site culturel et patrimonial H\/F Au XIXe si\u00e8cle, Fran\u00e7ois Michaud, tailleur de pierre sculpte dans le granit ses inspirations, ses r\u00eaves etses convictions\u2026 Il transforme un village ordinaire en un mus\u00e9e de sculptures \u00e0 ciel ouvert. Le villagede Magot est aujourd&rsquo;hui devenu un site patrimonial embl\u00e9matique de l&rsquo;Art singulier en France et ilaccueille&#8230; <a class=\"excerpt-read-more button\" href=\"https:\/\/aliso.fr\/jeunes\/village-de-masgot-emplois\/\" title=\"ReadVillage de Masgot (emplois)\">En savoir plus &raquo;<\/a><\/div><\/li>\n<li><a class=\"wp-block-latest-posts__post-title\" href=\"https:\/\/aliso.fr\/jeunes\/college-marc-bloch-emplois\/\">Coll\u00e8ge Marc Bloch (emplois)<\/a><div class=\"wp-block-latest-posts__post-excerpt\">Le coll\u00e8ge Marc Bloch, situ\u00e9 \u00e0 Bonnat, en Creuse, est \u00e0 la recherche d\u2019assistant(e)s d\u2019\u00e9ducation \u00e0 temps partiels pour l\u2019ann\u00e9e scolaire 2022-2023. Les missions d\u2019un(e) assistant(e) d\u2019\u00e9ducation sont diverses : surveillance et encadrement des \u00e9l\u00e8ves, aide \u00e0 l\u2019\u00e9tude et aux devoirs, participation au suivi \u00e9ducatif des \u00e9l\u00e8ves\u2026 Si ce poste d\u2019assistant(e) d\u2019\u00e9ducation est susceptible de&#8230; <a class=\"excerpt-read-more button\" href=\"https:\/\/aliso.fr\/jeunes\/college-marc-bloch-emplois\/\" title=\"ReadColl\u00e8ge Marc Bloch (emplois)\">En savoir plus &raquo;<\/a><\/div><\/li>\n<\/ul>\n\n\n<div style=\"height:50px\" aria-hidden=\"true\" class=\"wp-block-spacer\"><\/div>\n\n\n\n<div class=\"wp-block-buttons is-layout-flex wp-block-buttons-is-layout-flex\">\n<div class=\"wp-block-button\"><a class=\"wp-block-button__link\" href=\"https:\/\/aliso.fr\/initiatives\/offres-demploi-creuse-associations-economie-sociale-et-solidaire\/\">Emplois ESS<\/a><\/div>\n<\/div>\n","protected":false},"excerpt":{"rendered":"<p>Guide Trouver un job Nouvelle-Aquitaine 2022 Des infos, des astuces et des conseils pour une recherche de job efficace !Sans oublier des id\u00e9es de jobs insolites et une s\u00e9lection de sites web. Une r\u00e9alisation du CIDJ et du r\u00e9seau Info Jeunes&nbsp;Nouvelle- Aquitaine. ALISO Jeunes travaille en partenariat \u00e9troit avec la Mission Locale de la Creuse&#8230;. <a class=\"excerpt-read-more button\" href=\"https:\/\/aliso.fr\/jeunes\/emploi-et-formations\/\" title=\"ReadEmploi et formations\">En savoir plus &raquo;<\/a><\/p>\n","protected":false},"author":1,"featured_media":0,"parent":0,"menu_order":0,"comment_status":"closed","ping_status":"closed","template":"","meta":{"footnotes":""},"class_list":["post-8","page","type-page","status-publish","hentry"],"yoast_head":"<!-- This site is optimized with the Yoast SEO plugin v27.5 - https:\/\/yoast.com\/product\/yoast-seo-wordpress\/ -->\n<title>Emploi et formations - Aliso Jeunes<\/title>\n<meta name=\"robots\" content=\"index, follow, max-snippet:-1, max-image-preview:large, max-video-preview:-1\" \/>\n<link rel=\"canonical\" href=\"https:\/\/aliso.fr\/jeunes\/emploi-et-formations\/\" \/>\n<meta property=\"og:locale\" content=\"fr_FR\" \/>\n<meta property=\"og:type\" content=\"article\" \/>\n<meta property=\"og:title\" content=\"Emploi et formations - Aliso Jeunes\" \/>\n<meta property=\"og:description\" content=\"Guide Trouver un job Nouvelle-Aquitaine 2022 Des infos, des astuces et des conseils pour une recherche de job efficace !Sans oublier des id\u00e9es de jobs insolites et une s\u00e9lection de sites web. Une r\u00e9alisation du CIDJ et du r\u00e9seau Info Jeunes&nbsp;Nouvelle- Aquitaine. ALISO Jeunes travaille en partenariat \u00e9troit avec la Mission Locale de la Creuse.... En savoir plus &raquo;\" \/>\n<meta property=\"og:url\" content=\"https:\/\/aliso.fr\/jeunes\/emploi-et-formations\/\" \/>\n<meta property=\"og:site_name\" content=\"Aliso Jeunes\" \/>\n<meta property=\"article:modified_time\" content=\"2022-06-13T12:41:42+00:00\" \/>\n<meta property=\"og:image\" content=\"https:\/\/aliso.fr\/integration\/jeunes\/wp-content\/uploads\/sites\/3\/2022\/02\/trouver-un-jobNA.png\" \/>\n<meta name=\"twitter:card\" content=\"summary_large_image\" \/>\n<script type=\"application\/ld+json\" class=\"yoast-schema-graph\">{\"@context\":\"https:\\\/\\\/schema.org\",\"@graph\":[{\"@type\":\"WebPage\",\"@id\":\"https:\\\/\\\/aliso.fr\\\/jeunes\\\/emploi-et-formations\\\/\",\"url\":\"https:\\\/\\\/aliso.fr\\\/jeunes\\\/emploi-et-formations\\\/\",\"name\":\"Emploi et formations - Aliso Jeunes\",\"isPartOf\":{\"@id\":\"https:\\\/\\\/aliso.fr\\\/jeunes\\\/#website\"},\"primaryImageOfPage\":{\"@id\":\"https:\\\/\\\/aliso.fr\\\/jeunes\\\/emploi-et-formations\\\/#primaryimage\"},\"image\":{\"@id\":\"https:\\\/\\\/aliso.fr\\\/jeunes\\\/emploi-et-formations\\\/#primaryimage\"},\"thumbnailUrl\":\"https:\\\/\\\/aliso.fr\\\/integration\\\/jeunes\\\/wp-content\\\/uploads\\\/sites\\\/3\\\/2022\\\/02\\\/trouver-un-jobNA.png\",\"datePublished\":\"2021-10-11T15:41:46+00:00\",\"dateModified\":\"2022-06-13T12:41:42+00:00\",\"breadcrumb\":{\"@id\":\"https:\\\/\\\/aliso.fr\\\/jeunes\\\/emploi-et-formations\\\/#breadcrumb\"},\"inLanguage\":\"fr-FR\",\"potentialAction\":[{\"@type\":\"ReadAction\",\"target\":[\"https:\\\/\\\/aliso.fr\\\/jeunes\\\/emploi-et-formations\\\/\"]}]},{\"@type\":\"ImageObject\",\"inLanguage\":\"fr-FR\",\"@id\":\"https:\\\/\\\/aliso.fr\\\/jeunes\\\/emploi-et-formations\\\/#primaryimage\",\"url\":\"https:\\\/\\\/aliso.fr\\\/integration\\\/jeunes\\\/wp-content\\\/uploads\\\/sites\\\/3\\\/2022\\\/02\\\/trouver-un-jobNA.png\",\"contentUrl\":\"https:\\\/\\\/aliso.fr\\\/integration\\\/jeunes\\\/wp-content\\\/uploads\\\/sites\\\/3\\\/2022\\\/02\\\/trouver-un-jobNA.png\"},{\"@type\":\"BreadcrumbList\",\"@id\":\"https:\\\/\\\/aliso.fr\\\/jeunes\\\/emploi-et-formations\\\/#breadcrumb\",\"itemListElement\":[{\"@type\":\"ListItem\",\"position\":1,\"name\":\"Accueil\",\"item\":\"https:\\\/\\\/aliso.fr\\\/jeunes\\\/\"},{\"@type\":\"ListItem\",\"position\":2,\"name\":\"Emploi et formations\"}]},{\"@type\":\"WebSite\",\"@id\":\"https:\\\/\\\/aliso.fr\\\/jeunes\\\/#website\",\"url\":\"https:\\\/\\\/aliso.fr\\\/jeunes\\\/\",\"name\":\"Aliso Jeunes\",\"description\":\"R\u00e9seau Creusois des acteurs du lien social\",\"publisher\":{\"@id\":\"https:\\\/\\\/aliso.fr\\\/jeunes\\\/#organization\"},\"potentialAction\":[{\"@type\":\"SearchAction\",\"target\":{\"@type\":\"EntryPoint\",\"urlTemplate\":\"https:\\\/\\\/aliso.fr\\\/jeunes\\\/?s={search_term_string}\"},\"query-input\":{\"@type\":\"PropertyValueSpecification\",\"valueRequired\":true,\"valueName\":\"search_term_string\"}}],\"inLanguage\":\"fr-FR\"},{\"@type\":\"Organization\",\"@id\":\"https:\\\/\\\/aliso.fr\\\/jeunes\\\/#organization\",\"name\":\"Aliso Jeunes\",\"url\":\"https:\\\/\\\/aliso.fr\\\/jeunes\\\/\",\"logo\":{\"@type\":\"ImageObject\",\"inLanguage\":\"fr-FR\",\"@id\":\"https:\\\/\\\/aliso.fr\\\/jeunes\\\/#\\\/schema\\\/logo\\\/image\\\/\",\"url\":\"https:\\\/\\\/aliso.fr\\\/jeunes\\\/wp-content\\\/uploads\\\/sites\\\/3\\\/2022\\\/01\\\/Logo-ALISO-jeunes-couleur.png\",\"contentUrl\":\"https:\\\/\\\/aliso.fr\\\/jeunes\\\/wp-content\\\/uploads\\\/sites\\\/3\\\/2022\\\/01\\\/Logo-ALISO-jeunes-couleur.png\",\"width\":341,\"height\":392,\"caption\":\"Aliso Jeunes\"},\"image\":{\"@id\":\"https:\\\/\\\/aliso.fr\\\/jeunes\\\/#\\\/schema\\\/logo\\\/image\\\/\"}}]}<\/script>\n<!-- \/ Yoast SEO plugin. -->","yoast_head_json":{"title":"Emploi et formations - Aliso Jeunes","robots":{"index":"index","follow":"follow","max-snippet":"max-snippet:-1","max-image-preview":"max-image-preview:large","max-video-preview":"max-video-preview:-1"},"canonical":"https:\/\/aliso.fr\/jeunes\/emploi-et-formations\/","og_locale":"fr_FR","og_type":"article","og_title":"Emploi et formations - Aliso Jeunes","og_description":"Guide Trouver un job Nouvelle-Aquitaine 2022 Des infos, des astuces et des conseils pour une recherche de job efficace !Sans oublier des id\u00e9es de jobs insolites et une s\u00e9lection de sites web. Une r\u00e9alisation du CIDJ et du r\u00e9seau Info Jeunes&nbsp;Nouvelle- Aquitaine. ALISO Jeunes travaille en partenariat \u00e9troit avec la Mission Locale de la Creuse.... En savoir plus &raquo;","og_url":"https:\/\/aliso.fr\/jeunes\/emploi-et-formations\/","og_site_name":"Aliso Jeunes","article_modified_time":"2022-06-13T12:41:42+00:00","og_image":[{"url":"https:\/\/aliso.fr\/integration\/jeunes\/wp-content\/uploads\/sites\/3\/2022\/02\/trouver-un-jobNA.png","type":"","width":"","height":""}],"twitter_card":"summary_large_image","schema":{"@context":"https:\/\/schema.org","@graph":[{"@type":"WebPage","@id":"https:\/\/aliso.fr\/jeunes\/emploi-et-formations\/","url":"https:\/\/aliso.fr\/jeunes\/emploi-et-formations\/","name":"Emploi et formations - Aliso Jeunes","isPartOf":{"@id":"https:\/\/aliso.fr\/jeunes\/#website"},"primaryImageOfPage":{"@id":"https:\/\/aliso.fr\/jeunes\/emploi-et-formations\/#primaryimage"},"image":{"@id":"https:\/\/aliso.fr\/jeunes\/emploi-et-formations\/#primaryimage"},"thumbnailUrl":"https:\/\/aliso.fr\/integration\/jeunes\/wp-content\/uploads\/sites\/3\/2022\/02\/trouver-un-jobNA.png","datePublished":"2021-10-11T15:41:46+00:00","dateModified":"2022-06-13T12:41:42+00:00","breadcrumb":{"@id":"https:\/\/aliso.fr\/jeunes\/emploi-et-formations\/#breadcrumb"},"inLanguage":"fr-FR","potentialAction":[{"@type":"ReadAction","target":["https:\/\/aliso.fr\/jeunes\/emploi-et-formations\/"]}]},{"@type":"ImageObject","inLanguage":"fr-FR","@id":"https:\/\/aliso.fr\/jeunes\/emploi-et-formations\/#primaryimage","url":"https:\/\/aliso.fr\/integration\/jeunes\/wp-content\/uploads\/sites\/3\/2022\/02\/trouver-un-jobNA.png","contentUrl":"https:\/\/aliso.fr\/integration\/jeunes\/wp-content\/uploads\/sites\/3\/2022\/02\/trouver-un-jobNA.png"},{"@type":"BreadcrumbList","@id":"https:\/\/aliso.fr\/jeunes\/emploi-et-formations\/#breadcrumb","itemListElement":[{"@type":"ListItem","position":1,"name":"Accueil","item":"https:\/\/aliso.fr\/jeunes\/"},{"@type":"ListItem","position":2,"name":"Emploi et formations"}]},{"@type":"WebSite","@id":"https:\/\/aliso.fr\/jeunes\/#website","url":"https:\/\/aliso.fr\/jeunes\/","name":"Aliso Jeunes","description":"R\u00e9seau Creusois des acteurs du lien social","publisher":{"@id":"https:\/\/aliso.fr\/jeunes\/#organization"},"potentialAction":[{"@type":"SearchAction","target":{"@type":"EntryPoint","urlTemplate":"https:\/\/aliso.fr\/jeunes\/?s={search_term_string}"},"query-input":{"@type":"PropertyValueSpecification","valueRequired":true,"valueName":"search_term_string"}}],"inLanguage":"fr-FR"},{"@type":"Organization","@id":"https:\/\/aliso.fr\/jeunes\/#organization","name":"Aliso Jeunes","url":"https:\/\/aliso.fr\/jeunes\/","logo":{"@type":"ImageObject","inLanguage":"fr-FR","@id":"https:\/\/aliso.fr\/jeunes\/#\/schema\/logo\/image\/","url":"https:\/\/aliso.fr\/jeunes\/wp-content\/uploads\/sites\/3\/2022\/01\/Logo-ALISO-jeunes-couleur.png","contentUrl":"https:\/\/aliso.fr\/jeunes\/wp-content\/uploads\/sites\/3\/2022\/01\/Logo-ALISO-jeunes-couleur.png","width":341,"height":392,"caption":"Aliso Jeunes"},"image":{"@id":"https:\/\/aliso.fr\/jeunes\/#\/schema\/logo\/image\/"}}]}},"_links":{"self":[{"href":"https:\/\/aliso.fr\/jeunes\/wp-json\/wp\/v2\/pages\/8","targetHints":{"allow":["GET"]}}],"collection":[{"href":"https:\/\/aliso.fr\/jeunes\/wp-json\/wp\/v2\/pages"}],"about":[{"href":"https:\/\/aliso.fr\/jeunes\/wp-json\/wp\/v2\/types\/page"}],"author":[{"embeddable":true,"href":"https:\/\/aliso.fr\/jeunes\/wp-json\/wp\/v2\/users\/1"}],"replies":[{"embeddable":true,"href":"https:\/\/aliso.fr\/jeunes\/wp-json\/wp\/v2\/comments?post=8"}],"version-history":[{"count":25,"href":"https:\/\/aliso.fr\/jeunes\/wp-json\/wp\/v2\/pages\/8\/revisions"}],"predecessor-version":[{"id":2281,"href":"https:\/\/aliso.fr\/jeunes\/wp-json\/wp\/v2\/pages\/8\/revisions\/2281"}],"wp:attachment":[{"href":"https:\/\/aliso.fr\/jeunes\/wp-json\/wp\/v2\/media?parent=8"}],"curies":[{"name":"wp","href":"https:\/\/api.w.org\/{rel}","templated":true}]}}