{"id":291,"date":"2022-02-11T11:31:07","date_gmt":"2022-02-11T10:31:07","guid":{"rendered":"https:\/\/aliso.fr\/reseau\/?page_id=291"},"modified":"2025-07-10T16:32:39","modified_gmt":"2025-07-10T14:32:39","slug":"accueil","status":"publish","type":"page","link":"https:\/\/aliso.fr\/reseau\/","title":{"rendered":"accueil"},"content":{"rendered":"\n<div class=\"wp-block-columns is-layout-flex wp-container-core-columns-is-layout-9d6595d7 wp-block-columns-is-layout-flex\">\n<div class=\"wp-block-column is-layout-flow wp-block-column-is-layout-flow\" style=\"flex-basis:50%\">\n<h2 class=\"wp-block-heading\" id=\"notre-reseau\">Notre r\u00e9seau<\/h2>\n\n\n\n<p>Il r\u00e9unit trente sept structures dont 34 associations adh\u00e9rentes. ALISO active sur le territoire creusois \u0153uvrant dans le champs de l&rsquo;ESS ou de l&rsquo;\u00e9ducation populaire. Il repr\u00e9sente pr\u00e8s de 350 salari\u00e9s, 300 membres de CA et 500 b\u00e9n\u00e9voles identifi\u00e9s dans les structures, 14 072 adh\u00e9rents dont des familles et des individus isol\u00e9s,<\/p>\n\n\n\n<p>Au moins 13.5 millions de budget cumul\u00e9 &#8230;<\/p>\n\n\n\n<p>Nous d\u00e9pendons de <strong>l\u2019\u00e9conomie sociale et solidaire<\/strong> et faisons r\u00e9f\u00e9rence \u00e0 l\u2019\u00e9ducation populaire. Cela se valorise.<\/p>\n\n\n\n<p>Nous animons <strong>la vie locale<\/strong> sur nos territoires \u00e0 travers diff\u00e9rentes dimensions.<\/p>\n\n\n\n<p>Nous adressons notre action aux familles, aux jeunes, aux enfants, aux s\u00e9niors, aux habitants, aux touristes, aux gens de passage, \u00e0 tous\u2026<\/p>\n\n\n\n<p>\u2026\u00e0 travers l\u2019art, la culture, le jeu, les loisirs, la citoyennet\u00e9, l\u2019\u00e9ducation \u00e0 l\u2019environnement, l\u2019accompagnement \u00e0 la scolarit\u00e9, l\u2019insertion, le logement, l\u2019accompagnement \u00e0 la vie associative, la parentalit\u00e9, <strong>l\u2019encouragement au vivre ensemble<\/strong>\u2026<\/p>\n\n\n\n<p>\u2026en nous appuyant sur diff\u00e9rents mod\u00e8les \u00e9conomiques et de partenariats\u2026<\/p>\n\n\n\n<p>et nous sommes ainsi repr\u00e9sentants du <strong>r\u00e9seau creusois des acteurs du lien social<\/strong>.<\/p>\n\n\n\n<p><\/p>\n<\/div>\n\n\n\n<div class=\"wp-block-column is-layout-flow wp-block-column-is-layout-flow\" style=\"flex-basis:50%\"><div  class=\"wp-block-ultimate-post-post-slider-1 ultp-block-044cf8\"><div class=\"ultp-block-wrapper\"><div class=\"ultp-block-items-wrap\" data-arrows=\"1\" data-dots=\"1\" data-autoplay=\"1\" data-slidespeed=\"3000\" data-fade=\"1\" data-slidelg=\"1\" data-slidesm=\"1\" data-slidexs=\"1\"><div class=\"ultp-block-item post-id-3328\"><div><div class=\"ultp-block-slider-wrap\"><div class=\"ultp-block-image-inner\"><div class=\"ultp-block-image \"><a href=\"https:\/\/aliso.fr\/reseau\/aliso-pop-26-juin\/\" ><img decoding=\"async\"  alt=\"ALISO POP &lsquo; : VOTRE AVIS COMPTE !\"  src=\"https:\/\/aliso.fr\/reseau\/wp-content\/uploads\/sites\/4\/2026\/02\/Copie-de-AlisoPop-41.jpg\" \/><\/a><\/div><\/div><div class=\"ultp-block-content ultp-block-content-middlePosition ultp-block-content-centerPosition\"><div class=\"ultp-block-content-inner\"><div class=\"ultp-category-grid ultp-category-classic ultp-category-aboveTitle\"><div class=\"ultp-category-in\"><a class=\"ultp-cat-actualite\" href=\"https:\/\/aliso.fr\/reseau\/actualite\/\"  >Actualit\u00e9<\/a><a class=\"ultp-cat-nos-actions\" href=\"https:\/\/aliso.fr\/reseau\/nos-actions\/\"  >Nos actions<\/a><\/div><\/div><h3 class=\"ultp-block-title \"><a href=\"https:\/\/aliso.fr\/reseau\/aliso-pop-26-juin\/\" >ALISO POP &lsquo; : VOTRE AVIS COMPTE !<\/a><\/h3><div class=\"ultp-block-meta ultp-block-meta-dash ultp-block-meta-icon\"><span class=\"ultp-block-date ultp-block-meta-element\"><svg xmlns=\"http:\/\/www.w3.org\/2000\/svg\" fill=\"none\" viewBox=\"0 0 24 24\">\n  <path stroke=\"currentColor\" stroke-linecap=\"round\" stroke-linejoin=\"round\" stroke-width=\"1.5\" d=\"M3 5.5a2 2 0 0 1 2-2h14a2 2 0 0 1 2 2v14a2 2 0 0 1-2 2H5a2 2 0 0 1-2-2v-14ZM8 2v3m8-3v3M3 9h18\"\/>\n<\/svg>\nMar 16, 2026<\/span><span class=\"ultp-post-read ultp-block-meta-element\"><svg xmlns=\"http:\/\/www.w3.org\/2000\/svg\" fill=\"none\" viewBox=\"0 0 24 24\">\n  <path stroke=\"currentColor\" stroke-linecap=\"round\" stroke-linejoin=\"round\" stroke-width=\"1.5\" d=\"M4 5v14a3 3 0 0 0 3 3h13V8H7a3 3 0 0 1-3-3Zm0 0a3 3 0 0 1 3-3h13M7 5h10\"\/>\n  <path stroke=\"currentColor\" stroke-linecap=\"round\" stroke-linejoin=\"round\" stroke-width=\"1.5\" d=\"M9.5 18.5v-3.092a3 3 0 0 1 .504-1.664l1.219-1.828a.934.934 0 0 1 1.554 0l1.22 1.828a3 3 0 0 1 .503 1.664V18.5m-5-2.5h5\"\/>\n<\/svg>\n2 min de lecture<\/span><\/div><div class=\"ultp-block-excerpt\"><p>CHANGEMENT DE LIEU A NOTER &amp; FORMULAIRE DE RECUEIL D&rsquo;AVIS ! En 2026, Aliso&rsquo;pop se tiendra Vendredi 26 juin 2026 \u00e0 Ch\u00e2telus-le Marcheix, finalement.Ce sera\u2026<\/p>\n<\/div><div class=\"ultp-block-readmore\"><a aria-label=\"ALISO POP &lsquo; : VOTRE AVIS COMPTE !\" href=\"https:\/\/aliso.fr\/reseau\/aliso-pop-26-juin\/\" >En savoir plus<svg xmlns=\"http:\/\/www.w3.org\/2000\/svg\" fill=\"none\" viewBox=\"0 0 24 24\">\n  <path stroke=\"currentColor\" stroke-linecap=\"round\" stroke-linejoin=\"round\" stroke-width=\"1.5\" d=\"m12 20.5 8.5-8.5m0 0L12 3.5m8.5 8.5h-17\"\/>\n<\/svg>\n<\/a><\/div><\/div><\/div><\/div><\/div><\/div><div class=\"ultp-block-item post-id-3381\"><div><div class=\"ultp-block-slider-wrap\"><div class=\"ultp-block-image-inner\"><div class=\"ultp-block-image \"><a href=\"https:\/\/aliso.fr\/reseau\/passer-a-la-radio\/\" ><img decoding=\"async\"  alt=\"PASSER A LA RADIO\"  src=\"https:\/\/aliso.fr\/reseau\/wp-content\/uploads\/sites\/4\/2026\/03\/image.png\" \/><\/a><\/div><\/div><div class=\"ultp-block-content ultp-block-content-middlePosition ultp-block-content-centerPosition\"><div class=\"ultp-block-content-inner\"><div class=\"ultp-category-grid ultp-category-classic ultp-category-aboveTitle\"><div class=\"ultp-category-in\"><a class=\"ultp-cat-actualite\" href=\"https:\/\/aliso.fr\/reseau\/actualite\/\"  >Actualit\u00e9<\/a><\/div><\/div><h3 class=\"ultp-block-title \"><a href=\"https:\/\/aliso.fr\/reseau\/passer-a-la-radio\/\" >PASSER A LA RADIO<\/a><\/h3><div class=\"ultp-block-meta ultp-block-meta-dash ultp-block-meta-icon\"><span class=\"ultp-block-date ultp-block-meta-element\"><svg xmlns=\"http:\/\/www.w3.org\/2000\/svg\" fill=\"none\" viewBox=\"0 0 24 24\">\n  <path stroke=\"currentColor\" stroke-linecap=\"round\" stroke-linejoin=\"round\" stroke-width=\"1.5\" d=\"M3 5.5a2 2 0 0 1 2-2h14a2 2 0 0 1 2 2v14a2 2 0 0 1-2 2H5a2 2 0 0 1-2-2v-14ZM8 2v3m8-3v3M3 9h18\"\/>\n<\/svg>\nMar 16, 2026<\/span><span class=\"ultp-post-read ultp-block-meta-element\"><svg xmlns=\"http:\/\/www.w3.org\/2000\/svg\" fill=\"none\" viewBox=\"0 0 24 24\">\n  <path stroke=\"currentColor\" stroke-linecap=\"round\" stroke-linejoin=\"round\" stroke-width=\"1.5\" d=\"M4 5v14a3 3 0 0 0 3 3h13V8H7a3 3 0 0 1-3-3Zm0 0a3 3 0 0 1 3-3h13M7 5h10\"\/>\n  <path stroke=\"currentColor\" stroke-linecap=\"round\" stroke-linejoin=\"round\" stroke-width=\"1.5\" d=\"M9.5 18.5v-3.092a3 3 0 0 1 .504-1.664l1.219-1.828a.934.934 0 0 1 1.554 0l1.22 1.828a3 3 0 0 1 .503 1.664V18.5m-5-2.5h5\"\/>\n<\/svg>\n1 min de lecture<\/span><\/div><div class=\"ultp-block-excerpt\"><p>Si vous n&rsquo;aviez pas encore l&rsquo;info : une \u00e9mission r\u00e9guli\u00e8re sur Ici Creuse donne la voix aux associations.Ca se passe le dimanche matin. https:\/\/www.francebleu.fr\/emissions\/creuse\/c-mon-asso<\/p>\n<\/div><div class=\"ultp-block-readmore\"><a aria-label=\"PASSER A LA RADIO\" href=\"https:\/\/aliso.fr\/reseau\/passer-a-la-radio\/\" >En savoir plus<svg xmlns=\"http:\/\/www.w3.org\/2000\/svg\" fill=\"none\" viewBox=\"0 0 24 24\">\n  <path stroke=\"currentColor\" stroke-linecap=\"round\" stroke-linejoin=\"round\" stroke-width=\"1.5\" d=\"m12 20.5 8.5-8.5m0 0L12 3.5m8.5 8.5h-17\"\/>\n<\/svg>\n<\/a><\/div><\/div><\/div><\/div><\/div><\/div><div class=\"ultp-block-item post-id-3377\"><div><div class=\"ultp-block-slider-wrap\"><div class=\"ultp-block-image-inner\"><div class=\"ultp-block-image \"><a href=\"https:\/\/aliso.fr\/reseau\/culture-commune-peuple-culture\/\" ><img decoding=\"async\"  alt=\"CULTURE COMMUNE : PEUPLE &amp; CULTURE\"  src=\"https:\/\/aliso.fr\/reseau\/wp-content\/uploads\/sites\/4\/2026\/03\/images.png\" \/><\/a><\/div><\/div><div class=\"ultp-block-content ultp-block-content-middlePosition ultp-block-content-centerPosition\"><div class=\"ultp-block-content-inner\"><div class=\"ultp-category-grid ultp-category-classic ultp-category-aboveTitle\"><div class=\"ultp-category-in\"><a class=\"ultp-cat-actualite\" href=\"https:\/\/aliso.fr\/reseau\/actualite\/\"  >Actualit\u00e9<\/a><\/div><\/div><h3 class=\"ultp-block-title \"><a href=\"https:\/\/aliso.fr\/reseau\/culture-commune-peuple-culture\/\" >CULTURE COMMUNE : PEUPLE &amp; CULTURE<\/a><\/h3><div class=\"ultp-block-meta ultp-block-meta-dash ultp-block-meta-icon\"><span class=\"ultp-block-date ultp-block-meta-element\"><svg xmlns=\"http:\/\/www.w3.org\/2000\/svg\" fill=\"none\" viewBox=\"0 0 24 24\">\n  <path stroke=\"currentColor\" stroke-linecap=\"round\" stroke-linejoin=\"round\" stroke-width=\"1.5\" d=\"M3 5.5a2 2 0 0 1 2-2h14a2 2 0 0 1 2 2v14a2 2 0 0 1-2 2H5a2 2 0 0 1-2-2v-14ZM8 2v3m8-3v3M3 9h18\"\/>\n<\/svg>\nMar 16, 2026<\/span><span class=\"ultp-post-read ultp-block-meta-element\"><svg xmlns=\"http:\/\/www.w3.org\/2000\/svg\" fill=\"none\" viewBox=\"0 0 24 24\">\n  <path stroke=\"currentColor\" stroke-linecap=\"round\" stroke-linejoin=\"round\" stroke-width=\"1.5\" d=\"M4 5v14a3 3 0 0 0 3 3h13V8H7a3 3 0 0 1-3-3Zm0 0a3 3 0 0 1 3-3h13M7 5h10\"\/>\n  <path stroke=\"currentColor\" stroke-linecap=\"round\" stroke-linejoin=\"round\" stroke-width=\"1.5\" d=\"M9.5 18.5v-3.092a3 3 0 0 1 .504-1.664l1.219-1.828a.934.934 0 0 1 1.554 0l1.22 1.828a3 3 0 0 1 .503 1.664V18.5m-5-2.5h5\"\/>\n<\/svg>\n4 min de lecture<\/span><\/div><div class=\"ultp-block-excerpt\"><p>Quand il est question d&rsquo;\u00e9ducation populaire, de nombreux r\u00e9seaux ou collectifs \u00e9voquent une r\u00e9f\u00e9rence fondatrice comme \u00e9vidente : le manifeste du mouvement Peuple et Culture.Ainsi,\u2026<\/p>\n<\/div><div class=\"ultp-block-readmore\"><a aria-label=\"CULTURE COMMUNE : PEUPLE &amp; CULTURE\" href=\"https:\/\/aliso.fr\/reseau\/culture-commune-peuple-culture\/\" >En savoir plus<svg xmlns=\"http:\/\/www.w3.org\/2000\/svg\" fill=\"none\" viewBox=\"0 0 24 24\">\n  <path stroke=\"currentColor\" stroke-linecap=\"round\" stroke-linejoin=\"round\" stroke-width=\"1.5\" d=\"m12 20.5 8.5-8.5m0 0L12 3.5m8.5 8.5h-17\"\/>\n<\/svg>\n<\/a><\/div><\/div><\/div><\/div><\/div><\/div><div class=\"ultp-block-item post-id-3397\"><div><div class=\"ultp-block-slider-wrap\"><div class=\"ultp-block-image-inner\"><div class=\"ultp-block-image \"><a href=\"https:\/\/aliso.fr\/reseau\/tete-de-reseau-kezako\/\" ><img decoding=\"async\"  alt=\"TETE DE RESEAU : KEZAKO ?\"  src=\"https:\/\/aliso.fr\/reseau\/wp-content\/uploads\/sites\/4\/2025\/10\/social-media-3846597_1280.png\" \/><\/a><\/div><\/div><div class=\"ultp-block-content ultp-block-content-middlePosition ultp-block-content-centerPosition\"><div class=\"ultp-block-content-inner\"><div class=\"ultp-category-grid ultp-category-classic ultp-category-aboveTitle\"><div class=\"ultp-category-in\"><a class=\"ultp-cat-actualite\" href=\"https:\/\/aliso.fr\/reseau\/actualite\/\"  >Actualit\u00e9<\/a><\/div><\/div><h3 class=\"ultp-block-title \"><a href=\"https:\/\/aliso.fr\/reseau\/tete-de-reseau-kezako\/\" >TETE DE RESEAU : KEZAKO ?<\/a><\/h3><div class=\"ultp-block-meta ultp-block-meta-dash ultp-block-meta-icon\"><span class=\"ultp-block-date ultp-block-meta-element\"><svg xmlns=\"http:\/\/www.w3.org\/2000\/svg\" fill=\"none\" viewBox=\"0 0 24 24\">\n  <path stroke=\"currentColor\" stroke-linecap=\"round\" stroke-linejoin=\"round\" stroke-width=\"1.5\" d=\"M3 5.5a2 2 0 0 1 2-2h14a2 2 0 0 1 2 2v14a2 2 0 0 1-2 2H5a2 2 0 0 1-2-2v-14ZM8 2v3m8-3v3M3 9h18\"\/>\n<\/svg>\nMar 16, 2026<\/span><span class=\"ultp-post-read ultp-block-meta-element\"><svg xmlns=\"http:\/\/www.w3.org\/2000\/svg\" fill=\"none\" viewBox=\"0 0 24 24\">\n  <path stroke=\"currentColor\" stroke-linecap=\"round\" stroke-linejoin=\"round\" stroke-width=\"1.5\" d=\"M4 5v14a3 3 0 0 0 3 3h13V8H7a3 3 0 0 1-3-3Zm0 0a3 3 0 0 1 3-3h13M7 5h10\"\/>\n  <path stroke=\"currentColor\" stroke-linecap=\"round\" stroke-linejoin=\"round\" stroke-width=\"1.5\" d=\"M9.5 18.5v-3.092a3 3 0 0 1 .504-1.664l1.219-1.828a.934.934 0 0 1 1.554 0l1.22 1.828a3 3 0 0 1 .503 1.664V18.5m-5-2.5h5\"\/>\n<\/svg>\n1 min de lecture<\/span><\/div><div class=\"ultp-block-excerpt\"><p>Le mouvement associatif, ressource tr\u00e8s sollicit\u00e9e en ce moment, nous propose un document pour expliquer tout \u00e7a et nous inspirer.Et nous, notre r\u00e9seau, il a\u2026<\/p>\n<\/div><div class=\"ultp-block-readmore\"><a aria-label=\"TETE DE RESEAU : KEZAKO ?\" href=\"https:\/\/aliso.fr\/reseau\/tete-de-reseau-kezako\/\" >En savoir plus<svg xmlns=\"http:\/\/www.w3.org\/2000\/svg\" fill=\"none\" viewBox=\"0 0 24 24\">\n  <path stroke=\"currentColor\" stroke-linecap=\"round\" stroke-linejoin=\"round\" stroke-width=\"1.5\" d=\"m12 20.5 8.5-8.5m0 0L12 3.5m8.5 8.5h-17\"\/>\n<\/svg>\n<\/a><\/div><\/div><\/div><\/div><\/div><\/div><div class=\"ultp-block-item post-id-3395\"><div><div class=\"ultp-block-slider-wrap\"><div class=\"ultp-block-image-inner\"><div class=\"ultp-block-image \"><a href=\"https:\/\/aliso.fr\/reseau\/culture-commune-lhistoire-daliso\/\" ><img decoding=\"async\"  alt=\"CULTURE COMMUNE : L&rsquo;HISTOIRE D&rsquo;ALISO\"  src=\"https:\/\/aliso.fr\/reseau\/wp-content\/uploads\/sites\/4\/2025\/09\/Logo-ALISO-couleur.png\" \/><\/a><\/div><\/div><div class=\"ultp-block-content ultp-block-content-middlePosition ultp-block-content-centerPosition\"><div class=\"ultp-block-content-inner\"><div class=\"ultp-category-grid ultp-category-classic ultp-category-aboveTitle\"><div class=\"ultp-category-in\"><a class=\"ultp-cat-actualite\" href=\"https:\/\/aliso.fr\/reseau\/actualite\/\"  >Actualit\u00e9<\/a><a class=\"ultp-cat-nos-actions\" href=\"https:\/\/aliso.fr\/reseau\/nos-actions\/\"  >Nos actions<\/a><\/div><\/div><h3 class=\"ultp-block-title \"><a href=\"https:\/\/aliso.fr\/reseau\/culture-commune-lhistoire-daliso\/\" >CULTURE COMMUNE : L&rsquo;HISTOIRE D&rsquo;ALISO<\/a><\/h3><div class=\"ultp-block-meta ultp-block-meta-dash ultp-block-meta-icon\"><span class=\"ultp-block-date ultp-block-meta-element\"><svg xmlns=\"http:\/\/www.w3.org\/2000\/svg\" fill=\"none\" viewBox=\"0 0 24 24\">\n  <path stroke=\"currentColor\" stroke-linecap=\"round\" stroke-linejoin=\"round\" stroke-width=\"1.5\" d=\"M3 5.5a2 2 0 0 1 2-2h14a2 2 0 0 1 2 2v14a2 2 0 0 1-2 2H5a2 2 0 0 1-2-2v-14ZM8 2v3m8-3v3M3 9h18\"\/>\n<\/svg>\nMar 16, 2026<\/span><span class=\"ultp-post-read ultp-block-meta-element\"><svg xmlns=\"http:\/\/www.w3.org\/2000\/svg\" fill=\"none\" viewBox=\"0 0 24 24\">\n  <path stroke=\"currentColor\" stroke-linecap=\"round\" stroke-linejoin=\"round\" stroke-width=\"1.5\" d=\"M4 5v14a3 3 0 0 0 3 3h13V8H7a3 3 0 0 1-3-3Zm0 0a3 3 0 0 1 3-3h13M7 5h10\"\/>\n  <path stroke=\"currentColor\" stroke-linecap=\"round\" stroke-linejoin=\"round\" stroke-width=\"1.5\" d=\"M9.5 18.5v-3.092a3 3 0 0 1 .504-1.664l1.219-1.828a.934.934 0 0 1 1.554 0l1.22 1.828a3 3 0 0 1 .503 1.664V18.5m-5-2.5h5\"\/>\n<\/svg>\n7 min de lecture<\/span><\/div><div class=\"ultp-block-excerpt\"><p>Elle est cont\u00e9e dans le projet associatif d&rsquo;ALISO mais peut-\u00eatre avez-vous particip\u00e9 aux d\u00e9buts du r\u00e9seau et cela n&rsquo;a pas de secret pour vous, et\u2026<\/p>\n<\/div><div class=\"ultp-block-readmore\"><a aria-label=\"CULTURE COMMUNE : L&rsquo;HISTOIRE D&rsquo;ALISO\" href=\"https:\/\/aliso.fr\/reseau\/culture-commune-lhistoire-daliso\/\" >En savoir plus<svg xmlns=\"http:\/\/www.w3.org\/2000\/svg\" fill=\"none\" viewBox=\"0 0 24 24\">\n  <path stroke=\"currentColor\" stroke-linecap=\"round\" stroke-linejoin=\"round\" stroke-width=\"1.5\" d=\"m12 20.5 8.5-8.5m0 0L12 3.5m8.5 8.5h-17\"\/>\n<\/svg>\n<\/a><\/div><\/div><\/div><\/div><\/div><\/div><\/div><div class=\"ultp-slick-nav\" style=\"display:none\"><div class=\"ultp-slick-prev\"><div class=\"slick-arrow slick-prev\"><svg xmlns=\"http:\/\/www.w3.org\/2000\/svg\" fill=\"none\" viewBox=\"0 0 24 24\">\n  <path stroke=\"currentColor\" stroke-linecap=\"round\" stroke-linejoin=\"round\" stroke-width=\"1.5\" d=\"m15 18-6-6 6-6\"\/>\n<\/svg>\n<\/div><\/div><div class=\"ultp-slick-next\"><div class=\"slick-arrow slick-next\"><svg xmlns=\"http:\/\/www.w3.org\/2000\/svg\" fill=\"none\" viewBox=\"0 0 24 24\">\n  <path stroke=\"currentColor\" stroke-linecap=\"round\" stroke-linejoin=\"round\" stroke-width=\"1.5\" d=\"m9 18 6-6-6-6\"\/>\n<\/svg>\n<\/div><\/div><\/div><\/div><\/div><\/div>\n<\/div>\n","protected":false},"excerpt":{"rendered":"<p>Notre r\u00e9seau Il r\u00e9unit trente sept structures dont 34 associations adh\u00e9rentes. ALISO active sur le territoire creusois \u0153uvrant dans le champs de l&rsquo;ESS ou de l&rsquo;\u00e9ducation populaire. Il repr\u00e9sente pr\u00e8s de 350 salari\u00e9s, 300 membres de CA et 500 b\u00e9n\u00e9voles identifi\u00e9s dans les structures, 14 072 adh\u00e9rents dont des familles et des individus isol\u00e9s, Au&#8230; <a class=\"excerpt-read-more button\" href=\"https:\/\/aliso.fr\/reseau\/\" title=\"Readaccueil\">En savoir plus &raquo;<\/a><\/p>\n","protected":false},"author":1,"featured_media":0,"parent":0,"menu_order":0,"comment_status":"closed","ping_status":"closed","template":"","meta":{"footnotes":""},"class_list":["post-291","page","type-page","status-publish","hentry"],"yoast_head":"<!-- This site is optimized with the Yoast SEO plugin v27.4 - https:\/\/yoast.com\/product\/yoast-seo-wordpress\/ -->\n<title>accueil - Aliso R\u00e9seau<\/title>\n<meta name=\"robots\" content=\"index, follow, max-snippet:-1, max-image-preview:large, max-video-preview:-1\" \/>\n<link rel=\"canonical\" href=\"https:\/\/aliso.fr\/reseau\/\" \/>\n<meta property=\"og:locale\" content=\"fr_FR\" \/>\n<meta property=\"og:type\" content=\"article\" \/>\n<meta property=\"og:title\" content=\"accueil - Aliso R\u00e9seau\" \/>\n<meta property=\"og:description\" content=\"Notre r\u00e9seau Il r\u00e9unit trente sept structures dont 34 associations adh\u00e9rentes. ALISO active sur le territoire creusois \u0153uvrant dans le champs de l&rsquo;ESS ou de l&rsquo;\u00e9ducation populaire. Il repr\u00e9sente pr\u00e8s de 350 salari\u00e9s, 300 membres de CA et 500 b\u00e9n\u00e9voles identifi\u00e9s dans les structures, 14 072 adh\u00e9rents dont des familles et des individus isol\u00e9s, Au... En savoir plus &raquo;\" \/>\n<meta property=\"og:url\" content=\"https:\/\/aliso.fr\/reseau\/\" \/>\n<meta property=\"og:site_name\" content=\"Aliso R\u00e9seau\" \/>\n<meta property=\"article:modified_time\" content=\"2025-07-10T14:32:39+00:00\" \/>\n<meta name=\"twitter:card\" content=\"summary_large_image\" \/>\n<script type=\"application\/ld+json\" class=\"yoast-schema-graph\">{\"@context\":\"https:\\\/\\\/schema.org\",\"@graph\":[{\"@type\":\"WebPage\",\"@id\":\"https:\\\/\\\/aliso.fr\\\/reseau\\\/\",\"url\":\"https:\\\/\\\/aliso.fr\\\/reseau\\\/\",\"name\":\"accueil - Aliso R\u00e9seau\",\"isPartOf\":{\"@id\":\"https:\\\/\\\/aliso.fr\\\/reseau\\\/#website\"},\"datePublished\":\"2022-02-11T10:31:07+00:00\",\"dateModified\":\"2025-07-10T14:32:39+00:00\",\"breadcrumb\":{\"@id\":\"https:\\\/\\\/aliso.fr\\\/reseau\\\/#breadcrumb\"},\"inLanguage\":\"fr-FR\",\"potentialAction\":[{\"@type\":\"ReadAction\",\"target\":[\"https:\\\/\\\/aliso.fr\\\/reseau\\\/\"]}]},{\"@type\":\"BreadcrumbList\",\"@id\":\"https:\\\/\\\/aliso.fr\\\/reseau\\\/#breadcrumb\",\"itemListElement\":[{\"@type\":\"ListItem\",\"position\":1,\"name\":\"Accueil\",\"item\":\"https:\\\/\\\/aliso.fr\\\/reseau\\\/\"},{\"@type\":\"ListItem\",\"position\":2,\"name\":\"accueil\"}]},{\"@type\":\"WebSite\",\"@id\":\"https:\\\/\\\/aliso.fr\\\/reseau\\\/#website\",\"url\":\"https:\\\/\\\/aliso.fr\\\/reseau\\\/\",\"name\":\"Aliso R\u00e9seau\",\"description\":\"R\u00e9seau Creusois des acteurs du lien social\",\"publisher\":{\"@id\":\"https:\\\/\\\/aliso.fr\\\/reseau\\\/#organization\"},\"potentialAction\":[{\"@type\":\"SearchAction\",\"target\":{\"@type\":\"EntryPoint\",\"urlTemplate\":\"https:\\\/\\\/aliso.fr\\\/reseau\\\/?s={search_term_string}\"},\"query-input\":{\"@type\":\"PropertyValueSpecification\",\"valueRequired\":true,\"valueName\":\"search_term_string\"}}],\"inLanguage\":\"fr-FR\"},{\"@type\":\"Organization\",\"@id\":\"https:\\\/\\\/aliso.fr\\\/reseau\\\/#organization\",\"name\":\"Aliso R\u00e9seau\",\"url\":\"https:\\\/\\\/aliso.fr\\\/reseau\\\/\",\"logo\":{\"@type\":\"ImageObject\",\"inLanguage\":\"fr-FR\",\"@id\":\"https:\\\/\\\/aliso.fr\\\/reseau\\\/#\\\/schema\\\/logo\\\/image\\\/\",\"url\":\"https:\\\/\\\/aliso.fr\\\/reseau\\\/wp-content\\\/uploads\\\/sites\\\/4\\\/2022\\\/01\\\/Logo-ALISO-Reseau-2.png\",\"contentUrl\":\"https:\\\/\\\/aliso.fr\\\/reseau\\\/wp-content\\\/uploads\\\/sites\\\/4\\\/2022\\\/01\\\/Logo-ALISO-Reseau-2.png\",\"width\":900,\"height\":970,\"caption\":\"Aliso R\u00e9seau\"},\"image\":{\"@id\":\"https:\\\/\\\/aliso.fr\\\/reseau\\\/#\\\/schema\\\/logo\\\/image\\\/\"}}]}<\/script>\n<!-- \/ Yoast SEO plugin. -->","yoast_head_json":{"title":"accueil - Aliso R\u00e9seau","robots":{"index":"index","follow":"follow","max-snippet":"max-snippet:-1","max-image-preview":"max-image-preview:large","max-video-preview":"max-video-preview:-1"},"canonical":"https:\/\/aliso.fr\/reseau\/","og_locale":"fr_FR","og_type":"article","og_title":"accueil - Aliso R\u00e9seau","og_description":"Notre r\u00e9seau Il r\u00e9unit trente sept structures dont 34 associations adh\u00e9rentes. ALISO active sur le territoire creusois \u0153uvrant dans le champs de l&rsquo;ESS ou de l&rsquo;\u00e9ducation populaire. Il repr\u00e9sente pr\u00e8s de 350 salari\u00e9s, 300 membres de CA et 500 b\u00e9n\u00e9voles identifi\u00e9s dans les structures, 14 072 adh\u00e9rents dont des familles et des individus isol\u00e9s, Au... En savoir plus &raquo;","og_url":"https:\/\/aliso.fr\/reseau\/","og_site_name":"Aliso R\u00e9seau","article_modified_time":"2025-07-10T14:32:39+00:00","twitter_card":"summary_large_image","schema":{"@context":"https:\/\/schema.org","@graph":[{"@type":"WebPage","@id":"https:\/\/aliso.fr\/reseau\/","url":"https:\/\/aliso.fr\/reseau\/","name":"accueil - Aliso R\u00e9seau","isPartOf":{"@id":"https:\/\/aliso.fr\/reseau\/#website"},"datePublished":"2022-02-11T10:31:07+00:00","dateModified":"2025-07-10T14:32:39+00:00","breadcrumb":{"@id":"https:\/\/aliso.fr\/reseau\/#breadcrumb"},"inLanguage":"fr-FR","potentialAction":[{"@type":"ReadAction","target":["https:\/\/aliso.fr\/reseau\/"]}]},{"@type":"BreadcrumbList","@id":"https:\/\/aliso.fr\/reseau\/#breadcrumb","itemListElement":[{"@type":"ListItem","position":1,"name":"Accueil","item":"https:\/\/aliso.fr\/reseau\/"},{"@type":"ListItem","position":2,"name":"accueil"}]},{"@type":"WebSite","@id":"https:\/\/aliso.fr\/reseau\/#website","url":"https:\/\/aliso.fr\/reseau\/","name":"Aliso R\u00e9seau","description":"R\u00e9seau Creusois des acteurs du lien social","publisher":{"@id":"https:\/\/aliso.fr\/reseau\/#organization"},"potentialAction":[{"@type":"SearchAction","target":{"@type":"EntryPoint","urlTemplate":"https:\/\/aliso.fr\/reseau\/?s={search_term_string}"},"query-input":{"@type":"PropertyValueSpecification","valueRequired":true,"valueName":"search_term_string"}}],"inLanguage":"fr-FR"},{"@type":"Organization","@id":"https:\/\/aliso.fr\/reseau\/#organization","name":"Aliso R\u00e9seau","url":"https:\/\/aliso.fr\/reseau\/","logo":{"@type":"ImageObject","inLanguage":"fr-FR","@id":"https:\/\/aliso.fr\/reseau\/#\/schema\/logo\/image\/","url":"https:\/\/aliso.fr\/reseau\/wp-content\/uploads\/sites\/4\/2022\/01\/Logo-ALISO-Reseau-2.png","contentUrl":"https:\/\/aliso.fr\/reseau\/wp-content\/uploads\/sites\/4\/2022\/01\/Logo-ALISO-Reseau-2.png","width":900,"height":970,"caption":"Aliso R\u00e9seau"},"image":{"@id":"https:\/\/aliso.fr\/reseau\/#\/schema\/logo\/image\/"}}]}},"_links":{"self":[{"href":"https:\/\/aliso.fr\/reseau\/wp-json\/wp\/v2\/pages\/291","targetHints":{"allow":["GET"]}}],"collection":[{"href":"https:\/\/aliso.fr\/reseau\/wp-json\/wp\/v2\/pages"}],"about":[{"href":"https:\/\/aliso.fr\/reseau\/wp-json\/wp\/v2\/types\/page"}],"author":[{"embeddable":true,"href":"https:\/\/aliso.fr\/reseau\/wp-json\/wp\/v2\/users\/1"}],"replies":[{"embeddable":true,"href":"https:\/\/aliso.fr\/reseau\/wp-json\/wp\/v2\/comments?post=291"}],"version-history":[{"count":5,"href":"https:\/\/aliso.fr\/reseau\/wp-json\/wp\/v2\/pages\/291\/revisions"}],"predecessor-version":[{"id":3093,"href":"https:\/\/aliso.fr\/reseau\/wp-json\/wp\/v2\/pages\/291\/revisions\/3093"}],"wp:attachment":[{"href":"https:\/\/aliso.fr\/reseau\/wp-json\/wp\/v2\/media?parent=291"}],"curies":[{"name":"wp","href":"https:\/\/api.w.org\/{rel}","templated":true}]}}