{"id":312,"date":"2022-03-09T11:49:38","date_gmt":"2022-03-09T10:49:38","guid":{"rendered":"https:\/\/aliso.fr\/reseau\/?page_id=312"},"modified":"2026-04-20T10:31:19","modified_gmt":"2026-04-20T08:31:19","slug":"formation","status":"publish","type":"page","link":"https:\/\/aliso.fr\/reseau\/formation\/","title":{"rendered":"Formation"},"content":{"rendered":"<div class=\"wp-block-image\">\n<figure class=\"alignright size-full\"><img loading=\"lazy\" decoding=\"async\" width=\"331\" height=\"223\" src=\"https:\/\/aliso.fr\/reseau\/wp-content\/uploads\/sites\/4\/2022\/10\/Logo-qualiopi-complet-1-e1666787032311.webp\" alt=\"\" class=\"wp-image-1156\" srcset=\"https:\/\/aliso.fr\/reseau\/wp-content\/uploads\/sites\/4\/2022\/10\/Logo-qualiopi-complet-1-e1666787032311.webp 331w, https:\/\/aliso.fr\/reseau\/wp-content\/uploads\/sites\/4\/2022\/10\/Logo-qualiopi-complet-1-e1666787032311-282x190.webp 282w\" sizes=\"auto, (max-width: 331px) 100vw, 331px\" \/><\/figure>\n<\/div>\n\n<div class=\"wp-block-image\">\n<figure class=\"alignleft size-full is-resized\"><img loading=\"lazy\" decoding=\"async\" width=\"1428\" height=\"1071\" src=\"https:\/\/aliso.fr\/reseau\/wp-content\/uploads\/sites\/4\/2024\/06\/PDN.jpg\" alt=\"\" class=\"wp-image-2404\" style=\"aspect-ratio:1;object-fit:cover;width:147px;height:auto\" srcset=\"https:\/\/aliso.fr\/reseau\/wp-content\/uploads\/sites\/4\/2024\/06\/PDN.jpg 1428w, https:\/\/aliso.fr\/reseau\/wp-content\/uploads\/sites\/4\/2024\/06\/PDN-253x190.jpg 253w, https:\/\/aliso.fr\/reseau\/wp-content\/uploads\/sites\/4\/2024\/06\/PDN-440x330.jpg 440w, https:\/\/aliso.fr\/reseau\/wp-content\/uploads\/sites\/4\/2024\/06\/PDN-768x576.jpg 768w, https:\/\/aliso.fr\/reseau\/wp-content\/uploads\/sites\/4\/2024\/06\/PDN-1320x990.jpg 1320w\" sizes=\"auto, (max-width: 1428px) 100vw, 1428px\" \/><\/figure>\n<\/div>\n\n\n<p><\/p>\n\n\n\n<p>Le r\u00e9seau s\u2019est dot\u00e9 d\u2019un organisme de formation pour r\u00e9pondre au besoin de ses membres. Les formations se veulent bas\u00e9es sur l&rsquo;\u00e9change et le co d\u00e9veloppement. Les outils p\u00e9dagogiques vari\u00e9s permettent un apprentissage de qualit\u00e9, ancr\u00e9 dans la pratique professionnelle.<\/p>\n\n\n\n<p><br>Il est financ\u00e9 par l\u2019OPCO <a href=\"https:\/\/www.uniformation.fr\/\" target=\"_blank\" rel=\"noreferrer noopener\">Uniformation<\/a>, donc <strong>ouvert \u00e0 ses adh\u00e9rents<\/strong>.<\/p>\n\n\n\n<p>L\u2019organisme de formation est r\u00e9f\u00e9renc\u00e9 <a href=\"https:\/\/travail-emploi.gouv.fr\/formation-professionnelle\/acteurs-cadre-et-qualite-de-la-formation-professionnelle\/article\/qualiopi-marque-de-certification-qualite-des-prestataires-de-formation\" target=\"_blank\" rel=\"noreferrer noopener\">Qualiopi<\/a>. Consultez <a href=\"https:\/\/nuage.aliso.fr\/index.php\/s\/by6MQys28oGc2E7\">ici le certificat.<\/a><\/p>\n\n\n\n<p>Le programme 2025-2026 est valid\u00e9 par l&rsquo;OPCO. Il a suivi les souhaits du r\u00e9seau pour une formation de qualit\u00e9, en phase avec nos valeurs, et en proximit\u00e9. Leur organisation s&rsquo;adapte en tout point aux r\u00e9alit\u00e9s professionnelles de terrain.<\/p>\n\n\n\n<p>Personne en situation de handicap&nbsp;: contactez-nous pour envisager les mesures possibles. Une r\u00e9f\u00e9rente handicap vous accompagne.<\/p>\n\n\n\n<p>Pour toute information, <a href=\"https:\/\/aliso.fr\/contactez-aliso\/\">contacter Christelle Aufaure<\/a>.<\/p>\n\n\n\n<p>Si vous ne faites pas partie du r\u00e9seau mais que l&rsquo;une de nos formations vous int\u00e9resse. Contactez nous.<\/p>\n\n\n\n<div style=\"height:30px\" aria-hidden=\"true\" class=\"wp-block-spacer\"><\/div>\n\n\n\n<h2 class=\"wp-block-heading\">Voici les th\u00e8mes retenus pour les formations :<\/h2>\n\n\n\n<figure class=\"wp-block-table\"><table class=\"has-fixed-layout\"><tbody><tr><td>Module<\/td><td>Titre<\/td><td>Nombre d&rsquo;heures<\/td><td>&nbsp; Dates+ Lien inscription<\/td><\/tr><tr><td>1<\/td><td>Excel base Nouvelle \u00e9dition sur 2 jours<\/td><td>14<\/td><td>6-7 octobre 2025<\/td><\/tr><tr><td>2<\/td><td>Facile A Lire et \u00e0 Comprendre: m\u00e9thode FALC En pr\u00e9sence de PSH<\/td><td>14<\/td><td>report\u00e9e<\/td><\/tr><tr><td>3<\/td><td>Analyser son management en association (3 sal et +)<\/td><td>21<\/td><td><a href=\"https:\/\/app.digiforma.com\/guest\/2077943183\/training_sessions\/2511205\/register\">28 nov<\/a>embre<\/td><\/tr><tr><td>4<\/td><td>&nbsp;Reconnaitre la d\u00e9pression post partum et orienter<\/td><td>14<\/td><td>17-18 septembre 2026<\/td><\/tr><tr><td>5<\/td><td>&nbsp;Am\u00e9liorer la strat\u00e9gie de communication externe de sa structure<\/td><td>14<\/td><td><a href=\"https:\/\/app.digiforma.com\/guest\/2077943183\/training_sessions\/2522882\/register\">26-27 janvier 2026<\/a><\/td><\/tr><tr><td>6<\/td><td>D\u00e9couvrir l&rsquo;intelligence artificielle et son utilisation professionnelle<\/td><td>21<\/td><td><a href=\"https:\/\/app.digiforma.com\/guest\/2077943183\/training_sessions\/2591619\/register\">5-6-23 mars 2026<\/a><\/td><\/tr><tr><td>7<\/td><td>&nbsp;Structurer sa r\u00e9flexion pour r\u00e9diger des \u00e9crits professionnels<\/td><td>14<\/td><td><a href=\"https:\/\/app.digiforma.com\/guest\/2077943183\/training_sessions\/2893586\/register\">11-12 juin 2026<\/a><\/td><\/tr><tr><td>8<\/td><td>Comprendre la comptabilit\u00e9 associative<\/td><td>14<\/td><td><a href=\"https:\/\/app.digiforma.com\/guest\/2077943183\/training_sessions\/2682224\/register\">26-27 mars 2026<\/a><\/td><\/tr><tr><td>9<\/td><td>Faciliter la co-construction et la prise de d\u00e9cision par l\u2019intelligence collective&nbsp;<\/td><td>14<\/td><td><a href=\"https:\/\/app.digiforma.com\/guest\/2077943183\/training_sessions\/2625250\/register\">12-13 mars 2026<\/a><\/td><\/tr><tr><td>10<\/td><td>Connaitre les droits des \u00e9trangers (bases)<\/td><td>21<\/td><td><a href=\"https:\/\/app.digiforma.com\/guest\/2077943183\/training_sessions\/2590116\/register\">26-27 fevrier 17 mars 2026<\/a><\/td><\/tr><\/tbody><\/table><\/figure>\n\n\n\n<p><strong>ce que vous en dites:<\/strong><\/p>\n\n\n\n<p>\u00ab\u00a0Les propositions concr\u00e8tes aux mises en situation : r\u00e9ponse et apport d&rsquo;outils&nbsp;\u00ab\u00a0<\/p>\n\n\n\n<p>\u00ab&nbsp;Programme tr\u00e8s complet sur l&rsquo;analyse budg\u00e9taire et la terminologie comptable&nbsp;\u00bb<\/p>\n\n\n\n<p>Qualit\u00e9 de l&rsquo;intervention. \u00ab&nbsp;Disponibilit\u00e9 de l&rsquo;intervenant et clart\u00e9 des pr\u00e9cisions suite aux questionnements des participants&nbsp;\u00bb<\/p>\n","protected":false},"excerpt":{"rendered":"<p>Le r\u00e9seau s\u2019est dot\u00e9 d\u2019un organisme de formation pour r\u00e9pondre au besoin de ses membres. Les formations se veulent bas\u00e9es sur l&rsquo;\u00e9change et le co d\u00e9veloppement. Les outils p\u00e9dagogiques vari\u00e9s permettent un apprentissage de qualit\u00e9, ancr\u00e9 dans la pratique professionnelle. Il est financ\u00e9 par l\u2019OPCO Uniformation, donc ouvert \u00e0 ses adh\u00e9rents. L\u2019organisme de formation est&#8230; <a class=\"excerpt-read-more button\" href=\"https:\/\/aliso.fr\/reseau\/formation\/\" title=\"ReadFormation\">En savoir plus &raquo;<\/a><\/p>\n","protected":false},"author":1,"featured_media":0,"parent":0,"menu_order":0,"comment_status":"closed","ping_status":"closed","template":"","meta":{"footnotes":""},"class_list":["post-312","page","type-page","status-publish","hentry"],"yoast_head":"<!-- This site is optimized with the Yoast SEO plugin v27.5 - https:\/\/yoast.com\/product\/yoast-seo-wordpress\/ -->\n<title>Formation - Aliso R\u00e9seau<\/title>\n<meta name=\"description\" content=\"Le programme de formation 2023 d&#039;ALISO, organisme de formation certifi\u00e9 Qualiopi en Creuse. \u00c9conomie Sociale et Solidaire. Animation.\" \/>\n<meta name=\"robots\" content=\"index, follow, max-snippet:-1, max-image-preview:large, max-video-preview:-1\" \/>\n<link rel=\"canonical\" href=\"https:\/\/aliso.fr\/reseau\/formation\/\" \/>\n<meta property=\"og:locale\" content=\"fr_FR\" \/>\n<meta property=\"og:type\" content=\"article\" \/>\n<meta property=\"og:title\" content=\"Formation - Aliso R\u00e9seau\" \/>\n<meta property=\"og:description\" content=\"Le programme de formation 2023 d&#039;ALISO, organisme de formation certifi\u00e9 Qualiopi en Creuse. \u00c9conomie Sociale et Solidaire. Animation.\" \/>\n<meta property=\"og:url\" content=\"https:\/\/aliso.fr\/reseau\/formation\/\" \/>\n<meta property=\"og:site_name\" content=\"Aliso R\u00e9seau\" \/>\n<meta property=\"article:modified_time\" content=\"2026-04-20T08:31:19+00:00\" \/>\n<meta property=\"og:image\" content=\"https:\/\/aliso.fr\/reseau\/wp-content\/uploads\/sites\/4\/2022\/10\/Logo-qualiopi-complet-1-e1666787032311.webp\" \/>\n\t<meta property=\"og:image:width\" content=\"331\" \/>\n\t<meta property=\"og:image:height\" content=\"223\" \/>\n\t<meta property=\"og:image:type\" content=\"image\/webp\" \/>\n<meta name=\"twitter:card\" content=\"summary_large_image\" \/>\n<script type=\"application\/ld+json\" class=\"yoast-schema-graph\">{\"@context\":\"https:\\\/\\\/schema.org\",\"@graph\":[{\"@type\":\"WebPage\",\"@id\":\"https:\\\/\\\/aliso.fr\\\/reseau\\\/formation\\\/\",\"url\":\"https:\\\/\\\/aliso.fr\\\/reseau\\\/formation\\\/\",\"name\":\"Formation - Aliso R\u00e9seau\",\"isPartOf\":{\"@id\":\"https:\\\/\\\/aliso.fr\\\/reseau\\\/#website\"},\"primaryImageOfPage\":{\"@id\":\"https:\\\/\\\/aliso.fr\\\/reseau\\\/formation\\\/#primaryimage\"},\"image\":{\"@id\":\"https:\\\/\\\/aliso.fr\\\/reseau\\\/formation\\\/#primaryimage\"},\"thumbnailUrl\":\"https:\\\/\\\/aliso.fr\\\/reseau\\\/wp-content\\\/uploads\\\/sites\\\/4\\\/2022\\\/10\\\/Logo-qualiopi-complet-1-e1666787032311.webp\",\"datePublished\":\"2022-03-09T10:49:38+00:00\",\"dateModified\":\"2026-04-20T08:31:19+00:00\",\"description\":\"Le programme de formation 2023 d'ALISO, organisme de formation certifi\u00e9 Qualiopi en Creuse. \u00c9conomie Sociale et Solidaire. Animation.\",\"breadcrumb\":{\"@id\":\"https:\\\/\\\/aliso.fr\\\/reseau\\\/formation\\\/#breadcrumb\"},\"inLanguage\":\"fr-FR\",\"potentialAction\":[{\"@type\":\"ReadAction\",\"target\":[\"https:\\\/\\\/aliso.fr\\\/reseau\\\/formation\\\/\"]}]},{\"@type\":\"ImageObject\",\"inLanguage\":\"fr-FR\",\"@id\":\"https:\\\/\\\/aliso.fr\\\/reseau\\\/formation\\\/#primaryimage\",\"url\":\"https:\\\/\\\/aliso.fr\\\/reseau\\\/wp-content\\\/uploads\\\/sites\\\/4\\\/2022\\\/10\\\/Logo-qualiopi-complet-1-e1666787032311.webp\",\"contentUrl\":\"https:\\\/\\\/aliso.fr\\\/reseau\\\/wp-content\\\/uploads\\\/sites\\\/4\\\/2022\\\/10\\\/Logo-qualiopi-complet-1-e1666787032311.webp\",\"width\":331,\"height\":223},{\"@type\":\"BreadcrumbList\",\"@id\":\"https:\\\/\\\/aliso.fr\\\/reseau\\\/formation\\\/#breadcrumb\",\"itemListElement\":[{\"@type\":\"ListItem\",\"position\":1,\"name\":\"Accueil\",\"item\":\"https:\\\/\\\/aliso.fr\\\/reseau\\\/\"},{\"@type\":\"ListItem\",\"position\":2,\"name\":\"Formation\"}]},{\"@type\":\"WebSite\",\"@id\":\"https:\\\/\\\/aliso.fr\\\/reseau\\\/#website\",\"url\":\"https:\\\/\\\/aliso.fr\\\/reseau\\\/\",\"name\":\"Aliso R\u00e9seau\",\"description\":\"R\u00e9seau Creusois des acteurs du lien social\",\"publisher\":{\"@id\":\"https:\\\/\\\/aliso.fr\\\/reseau\\\/#organization\"},\"potentialAction\":[{\"@type\":\"SearchAction\",\"target\":{\"@type\":\"EntryPoint\",\"urlTemplate\":\"https:\\\/\\\/aliso.fr\\\/reseau\\\/?s={search_term_string}\"},\"query-input\":{\"@type\":\"PropertyValueSpecification\",\"valueRequired\":true,\"valueName\":\"search_term_string\"}}],\"inLanguage\":\"fr-FR\"},{\"@type\":\"Organization\",\"@id\":\"https:\\\/\\\/aliso.fr\\\/reseau\\\/#organization\",\"name\":\"Aliso R\u00e9seau\",\"url\":\"https:\\\/\\\/aliso.fr\\\/reseau\\\/\",\"logo\":{\"@type\":\"ImageObject\",\"inLanguage\":\"fr-FR\",\"@id\":\"https:\\\/\\\/aliso.fr\\\/reseau\\\/#\\\/schema\\\/logo\\\/image\\\/\",\"url\":\"https:\\\/\\\/aliso.fr\\\/reseau\\\/wp-content\\\/uploads\\\/sites\\\/4\\\/2022\\\/01\\\/Logo-ALISO-Reseau-2.png\",\"contentUrl\":\"https:\\\/\\\/aliso.fr\\\/reseau\\\/wp-content\\\/uploads\\\/sites\\\/4\\\/2022\\\/01\\\/Logo-ALISO-Reseau-2.png\",\"width\":900,\"height\":970,\"caption\":\"Aliso R\u00e9seau\"},\"image\":{\"@id\":\"https:\\\/\\\/aliso.fr\\\/reseau\\\/#\\\/schema\\\/logo\\\/image\\\/\"}}]}<\/script>\n<!-- \/ Yoast SEO plugin. -->","yoast_head_json":{"title":"Formation - Aliso R\u00e9seau","description":"Le programme de formation 2023 d'ALISO, organisme de formation certifi\u00e9 Qualiopi en Creuse. \u00c9conomie Sociale et Solidaire. Animation.","robots":{"index":"index","follow":"follow","max-snippet":"max-snippet:-1","max-image-preview":"max-image-preview:large","max-video-preview":"max-video-preview:-1"},"canonical":"https:\/\/aliso.fr\/reseau\/formation\/","og_locale":"fr_FR","og_type":"article","og_title":"Formation - Aliso R\u00e9seau","og_description":"Le programme de formation 2023 d'ALISO, organisme de formation certifi\u00e9 Qualiopi en Creuse. \u00c9conomie Sociale et Solidaire. Animation.","og_url":"https:\/\/aliso.fr\/reseau\/formation\/","og_site_name":"Aliso R\u00e9seau","article_modified_time":"2026-04-20T08:31:19+00:00","og_image":[{"width":331,"height":223,"url":"https:\/\/aliso.fr\/reseau\/wp-content\/uploads\/sites\/4\/2022\/10\/Logo-qualiopi-complet-1-e1666787032311.webp","type":"image\/webp"}],"twitter_card":"summary_large_image","schema":{"@context":"https:\/\/schema.org","@graph":[{"@type":"WebPage","@id":"https:\/\/aliso.fr\/reseau\/formation\/","url":"https:\/\/aliso.fr\/reseau\/formation\/","name":"Formation - Aliso R\u00e9seau","isPartOf":{"@id":"https:\/\/aliso.fr\/reseau\/#website"},"primaryImageOfPage":{"@id":"https:\/\/aliso.fr\/reseau\/formation\/#primaryimage"},"image":{"@id":"https:\/\/aliso.fr\/reseau\/formation\/#primaryimage"},"thumbnailUrl":"https:\/\/aliso.fr\/reseau\/wp-content\/uploads\/sites\/4\/2022\/10\/Logo-qualiopi-complet-1-e1666787032311.webp","datePublished":"2022-03-09T10:49:38+00:00","dateModified":"2026-04-20T08:31:19+00:00","description":"Le programme de formation 2023 d'ALISO, organisme de formation certifi\u00e9 Qualiopi en Creuse. \u00c9conomie Sociale et Solidaire. Animation.","breadcrumb":{"@id":"https:\/\/aliso.fr\/reseau\/formation\/#breadcrumb"},"inLanguage":"fr-FR","potentialAction":[{"@type":"ReadAction","target":["https:\/\/aliso.fr\/reseau\/formation\/"]}]},{"@type":"ImageObject","inLanguage":"fr-FR","@id":"https:\/\/aliso.fr\/reseau\/formation\/#primaryimage","url":"https:\/\/aliso.fr\/reseau\/wp-content\/uploads\/sites\/4\/2022\/10\/Logo-qualiopi-complet-1-e1666787032311.webp","contentUrl":"https:\/\/aliso.fr\/reseau\/wp-content\/uploads\/sites\/4\/2022\/10\/Logo-qualiopi-complet-1-e1666787032311.webp","width":331,"height":223},{"@type":"BreadcrumbList","@id":"https:\/\/aliso.fr\/reseau\/formation\/#breadcrumb","itemListElement":[{"@type":"ListItem","position":1,"name":"Accueil","item":"https:\/\/aliso.fr\/reseau\/"},{"@type":"ListItem","position":2,"name":"Formation"}]},{"@type":"WebSite","@id":"https:\/\/aliso.fr\/reseau\/#website","url":"https:\/\/aliso.fr\/reseau\/","name":"Aliso R\u00e9seau","description":"R\u00e9seau Creusois des acteurs du lien social","publisher":{"@id":"https:\/\/aliso.fr\/reseau\/#organization"},"potentialAction":[{"@type":"SearchAction","target":{"@type":"EntryPoint","urlTemplate":"https:\/\/aliso.fr\/reseau\/?s={search_term_string}"},"query-input":{"@type":"PropertyValueSpecification","valueRequired":true,"valueName":"search_term_string"}}],"inLanguage":"fr-FR"},{"@type":"Organization","@id":"https:\/\/aliso.fr\/reseau\/#organization","name":"Aliso R\u00e9seau","url":"https:\/\/aliso.fr\/reseau\/","logo":{"@type":"ImageObject","inLanguage":"fr-FR","@id":"https:\/\/aliso.fr\/reseau\/#\/schema\/logo\/image\/","url":"https:\/\/aliso.fr\/reseau\/wp-content\/uploads\/sites\/4\/2022\/01\/Logo-ALISO-Reseau-2.png","contentUrl":"https:\/\/aliso.fr\/reseau\/wp-content\/uploads\/sites\/4\/2022\/01\/Logo-ALISO-Reseau-2.png","width":900,"height":970,"caption":"Aliso R\u00e9seau"},"image":{"@id":"https:\/\/aliso.fr\/reseau\/#\/schema\/logo\/image\/"}}]}},"_links":{"self":[{"href":"https:\/\/aliso.fr\/reseau\/wp-json\/wp\/v2\/pages\/312","targetHints":{"allow":["GET"]}}],"collection":[{"href":"https:\/\/aliso.fr\/reseau\/wp-json\/wp\/v2\/pages"}],"about":[{"href":"https:\/\/aliso.fr\/reseau\/wp-json\/wp\/v2\/types\/page"}],"author":[{"embeddable":true,"href":"https:\/\/aliso.fr\/reseau\/wp-json\/wp\/v2\/users\/1"}],"replies":[{"embeddable":true,"href":"https:\/\/aliso.fr\/reseau\/wp-json\/wp\/v2\/comments?post=312"}],"version-history":[{"count":5,"href":"https:\/\/aliso.fr\/reseau\/wp-json\/wp\/v2\/pages\/312\/revisions"}],"predecessor-version":[{"id":3430,"href":"https:\/\/aliso.fr\/reseau\/wp-json\/wp\/v2\/pages\/312\/revisions\/3430"}],"wp:attachment":[{"href":"https:\/\/aliso.fr\/reseau\/wp-json\/wp\/v2\/media?parent=312"}],"curies":[{"name":"wp","href":"https:\/\/api.w.org\/{rel}","templated":true}]}}