{"id":520,"date":"2022-03-14T16:34:17","date_gmt":"2022-03-14T15:34:17","guid":{"rendered":"https:\/\/aliso.fr\/reseau\/?page_id=520"},"modified":"2023-10-10T11:13:25","modified_gmt":"2023-10-10T09:13:25","slug":"adherer-a-aliso","status":"publish","type":"page","link":"https:\/\/aliso.fr\/reseau\/adherer-a-aliso\/","title":{"rendered":"Adh\u00e9rer \u00e0 Aliso"},"content":{"rendered":"\n<p>Si&#8230;<\/p>\n\n\n\n<p>&#8211; vous vous reconnaissez dans l&rsquo;objet de l&rsquo;association (lisible dans le bouton <strong>Statuts<\/strong>),<\/p>\n\n\n\n<p>&#8211; vous partagez les valeurs d\u00e9crites dans les statuts,<\/p>\n\n\n\n<p>&#8211; vous avez l&rsquo;envie de participer \u00e0 la vie du r\u00e9seau,<\/p>\n\n\n\n<p>&#8230; alors, vous pouvez d\u00e9j\u00e0 contacter Aliso pour en discuter.<\/p>\n\n\n\n<p>Ecrivez \u00e0 <a href=\"&#109;&#x61;i&#x6c;t&#111;&#x3a;&#114;&#x61;p&#104;&#x61;&#101;&#x6c;v&#x65;&#x72;&#110;&#x61;t&#x40;a&#108;&#x69;&#115;&#x6f;&#46;&#102;&#x72;\">r&#97;&#112;&#x68;&#x61;&#x65;l&#118;&#101;&#x72;&#x6e;&#x61;t&#64;&#97;&#x6c;&#x69;&#x73;o&#46;&#102;&#114;<\/a> ou appelez au 06.07.08.84.19.<\/p>\n\n\n\n<p><em>Adh\u00e9sions possibles pour les associations ou les individus. <\/em><\/p>\n","protected":false},"excerpt":{"rendered":"<p>Si&#8230; &#8211; vous vous reconnaissez dans l&rsquo;objet de l&rsquo;association (lisible dans le bouton Statuts), &#8211; vous partagez les valeurs d\u00e9crites dans les statuts, &#8211; vous avez l&rsquo;envie de participer \u00e0 la vie du r\u00e9seau, &#8230; alors, vous pouvez d\u00e9j\u00e0 contacter Aliso pour en discuter. Ecrivez \u00e0 &#x72;&#97;p&#x68;&#97;e&#x6c;&#118;e&#x72;&#110;a&#x74;&#64;a&#x6c;&#105;s&#x6f;&#46;f&#x72; ou appelez au 06.07.08.84.19. Adh\u00e9sions possibles pour les&#8230; <a class=\"excerpt-read-more button\" href=\"https:\/\/aliso.fr\/reseau\/adherer-a-aliso\/\" title=\"ReadAdh\u00e9rer \u00e0 Aliso\">En savoir plus &raquo;<\/a><\/p>\n","protected":false},"author":1,"featured_media":0,"parent":0,"menu_order":0,"comment_status":"closed","ping_status":"closed","template":"","meta":{"footnotes":""},"class_list":["post-520","page","type-page","status-publish","hentry"],"yoast_head":"<!-- This site is optimized with the Yoast SEO plugin v27.4 - https:\/\/yoast.com\/product\/yoast-seo-wordpress\/ -->\n<title>Adh\u00e9rer \u00e0 Aliso - Aliso R\u00e9seau<\/title>\n<meta name=\"description\" content=\"Comment devenir adh\u00e9rent d&#039;ALISO ? quelles sont les conditions ? A qui dois je m&#039;adresser pour devenir membre du r\u00e9seau ?\" \/>\n<meta name=\"robots\" content=\"index, follow, max-snippet:-1, max-image-preview:large, max-video-preview:-1\" \/>\n<link rel=\"canonical\" href=\"https:\/\/aliso.fr\/reseau\/adherer-a-aliso\/\" \/>\n<meta property=\"og:locale\" content=\"fr_FR\" \/>\n<meta property=\"og:type\" content=\"article\" \/>\n<meta property=\"og:title\" content=\"Adh\u00e9rer \u00e0 Aliso - Aliso R\u00e9seau\" \/>\n<meta property=\"og:description\" content=\"Comment devenir adh\u00e9rent d&#039;ALISO ? quelles sont les conditions ? A qui dois je m&#039;adresser pour devenir membre du r\u00e9seau ?\" \/>\n<meta property=\"og:url\" content=\"https:\/\/aliso.fr\/reseau\/adherer-a-aliso\/\" \/>\n<meta property=\"og:site_name\" content=\"Aliso R\u00e9seau\" \/>\n<meta property=\"article:modified_time\" content=\"2023-10-10T09:13:25+00:00\" \/>\n<meta name=\"twitter:card\" content=\"summary_large_image\" \/>\n<script type=\"application\/ld+json\" class=\"yoast-schema-graph\">{\"@context\":\"https:\\\/\\\/schema.org\",\"@graph\":[{\"@type\":\"WebPage\",\"@id\":\"https:\\\/\\\/aliso.fr\\\/reseau\\\/adherer-a-aliso\\\/\",\"url\":\"https:\\\/\\\/aliso.fr\\\/reseau\\\/adherer-a-aliso\\\/\",\"name\":\"Adh\u00e9rer \u00e0 Aliso - Aliso R\u00e9seau\",\"isPartOf\":{\"@id\":\"https:\\\/\\\/aliso.fr\\\/reseau\\\/#website\"},\"datePublished\":\"2022-03-14T15:34:17+00:00\",\"dateModified\":\"2023-10-10T09:13:25+00:00\",\"description\":\"Comment devenir adh\u00e9rent d'ALISO ? quelles sont les conditions ? A qui dois je m'adresser pour devenir membre du r\u00e9seau ?\",\"breadcrumb\":{\"@id\":\"https:\\\/\\\/aliso.fr\\\/reseau\\\/adherer-a-aliso\\\/#breadcrumb\"},\"inLanguage\":\"fr-FR\",\"potentialAction\":[{\"@type\":\"ReadAction\",\"target\":[\"https:\\\/\\\/aliso.fr\\\/reseau\\\/adherer-a-aliso\\\/\"]}]},{\"@type\":\"BreadcrumbList\",\"@id\":\"https:\\\/\\\/aliso.fr\\\/reseau\\\/adherer-a-aliso\\\/#breadcrumb\",\"itemListElement\":[{\"@type\":\"ListItem\",\"position\":1,\"name\":\"Accueil\",\"item\":\"https:\\\/\\\/aliso.fr\\\/reseau\\\/\"},{\"@type\":\"ListItem\",\"position\":2,\"name\":\"Adh\u00e9rer \u00e0 Aliso\"}]},{\"@type\":\"WebSite\",\"@id\":\"https:\\\/\\\/aliso.fr\\\/reseau\\\/#website\",\"url\":\"https:\\\/\\\/aliso.fr\\\/reseau\\\/\",\"name\":\"Aliso R\u00e9seau\",\"description\":\"R\u00e9seau Creusois des acteurs du lien social\",\"publisher\":{\"@id\":\"https:\\\/\\\/aliso.fr\\\/reseau\\\/#organization\"},\"potentialAction\":[{\"@type\":\"SearchAction\",\"target\":{\"@type\":\"EntryPoint\",\"urlTemplate\":\"https:\\\/\\\/aliso.fr\\\/reseau\\\/?s={search_term_string}\"},\"query-input\":{\"@type\":\"PropertyValueSpecification\",\"valueRequired\":true,\"valueName\":\"search_term_string\"}}],\"inLanguage\":\"fr-FR\"},{\"@type\":\"Organization\",\"@id\":\"https:\\\/\\\/aliso.fr\\\/reseau\\\/#organization\",\"name\":\"Aliso R\u00e9seau\",\"url\":\"https:\\\/\\\/aliso.fr\\\/reseau\\\/\",\"logo\":{\"@type\":\"ImageObject\",\"inLanguage\":\"fr-FR\",\"@id\":\"https:\\\/\\\/aliso.fr\\\/reseau\\\/#\\\/schema\\\/logo\\\/image\\\/\",\"url\":\"https:\\\/\\\/aliso.fr\\\/reseau\\\/wp-content\\\/uploads\\\/sites\\\/4\\\/2022\\\/01\\\/Logo-ALISO-Reseau-2.png\",\"contentUrl\":\"https:\\\/\\\/aliso.fr\\\/reseau\\\/wp-content\\\/uploads\\\/sites\\\/4\\\/2022\\\/01\\\/Logo-ALISO-Reseau-2.png\",\"width\":900,\"height\":970,\"caption\":\"Aliso R\u00e9seau\"},\"image\":{\"@id\":\"https:\\\/\\\/aliso.fr\\\/reseau\\\/#\\\/schema\\\/logo\\\/image\\\/\"}}]}<\/script>\n<!-- \/ Yoast SEO plugin. -->","yoast_head_json":{"title":"Adh\u00e9rer \u00e0 Aliso - Aliso R\u00e9seau","description":"Comment devenir adh\u00e9rent d'ALISO ? quelles sont les conditions ? A qui dois je m'adresser pour devenir membre du r\u00e9seau ?","robots":{"index":"index","follow":"follow","max-snippet":"max-snippet:-1","max-image-preview":"max-image-preview:large","max-video-preview":"max-video-preview:-1"},"canonical":"https:\/\/aliso.fr\/reseau\/adherer-a-aliso\/","og_locale":"fr_FR","og_type":"article","og_title":"Adh\u00e9rer \u00e0 Aliso - Aliso R\u00e9seau","og_description":"Comment devenir adh\u00e9rent d'ALISO ? quelles sont les conditions ? A qui dois je m'adresser pour devenir membre du r\u00e9seau ?","og_url":"https:\/\/aliso.fr\/reseau\/adherer-a-aliso\/","og_site_name":"Aliso R\u00e9seau","article_modified_time":"2023-10-10T09:13:25+00:00","twitter_card":"summary_large_image","schema":{"@context":"https:\/\/schema.org","@graph":[{"@type":"WebPage","@id":"https:\/\/aliso.fr\/reseau\/adherer-a-aliso\/","url":"https:\/\/aliso.fr\/reseau\/adherer-a-aliso\/","name":"Adh\u00e9rer \u00e0 Aliso - Aliso R\u00e9seau","isPartOf":{"@id":"https:\/\/aliso.fr\/reseau\/#website"},"datePublished":"2022-03-14T15:34:17+00:00","dateModified":"2023-10-10T09:13:25+00:00","description":"Comment devenir adh\u00e9rent d'ALISO ? quelles sont les conditions ? A qui dois je m'adresser pour devenir membre du r\u00e9seau ?","breadcrumb":{"@id":"https:\/\/aliso.fr\/reseau\/adherer-a-aliso\/#breadcrumb"},"inLanguage":"fr-FR","potentialAction":[{"@type":"ReadAction","target":["https:\/\/aliso.fr\/reseau\/adherer-a-aliso\/"]}]},{"@type":"BreadcrumbList","@id":"https:\/\/aliso.fr\/reseau\/adherer-a-aliso\/#breadcrumb","itemListElement":[{"@type":"ListItem","position":1,"name":"Accueil","item":"https:\/\/aliso.fr\/reseau\/"},{"@type":"ListItem","position":2,"name":"Adh\u00e9rer \u00e0 Aliso"}]},{"@type":"WebSite","@id":"https:\/\/aliso.fr\/reseau\/#website","url":"https:\/\/aliso.fr\/reseau\/","name":"Aliso R\u00e9seau","description":"R\u00e9seau Creusois des acteurs du lien social","publisher":{"@id":"https:\/\/aliso.fr\/reseau\/#organization"},"potentialAction":[{"@type":"SearchAction","target":{"@type":"EntryPoint","urlTemplate":"https:\/\/aliso.fr\/reseau\/?s={search_term_string}"},"query-input":{"@type":"PropertyValueSpecification","valueRequired":true,"valueName":"search_term_string"}}],"inLanguage":"fr-FR"},{"@type":"Organization","@id":"https:\/\/aliso.fr\/reseau\/#organization","name":"Aliso R\u00e9seau","url":"https:\/\/aliso.fr\/reseau\/","logo":{"@type":"ImageObject","inLanguage":"fr-FR","@id":"https:\/\/aliso.fr\/reseau\/#\/schema\/logo\/image\/","url":"https:\/\/aliso.fr\/reseau\/wp-content\/uploads\/sites\/4\/2022\/01\/Logo-ALISO-Reseau-2.png","contentUrl":"https:\/\/aliso.fr\/reseau\/wp-content\/uploads\/sites\/4\/2022\/01\/Logo-ALISO-Reseau-2.png","width":900,"height":970,"caption":"Aliso R\u00e9seau"},"image":{"@id":"https:\/\/aliso.fr\/reseau\/#\/schema\/logo\/image\/"}}]}},"_links":{"self":[{"href":"https:\/\/aliso.fr\/reseau\/wp-json\/wp\/v2\/pages\/520","targetHints":{"allow":["GET"]}}],"collection":[{"href":"https:\/\/aliso.fr\/reseau\/wp-json\/wp\/v2\/pages"}],"about":[{"href":"https:\/\/aliso.fr\/reseau\/wp-json\/wp\/v2\/types\/page"}],"author":[{"embeddable":true,"href":"https:\/\/aliso.fr\/reseau\/wp-json\/wp\/v2\/users\/1"}],"replies":[{"embeddable":true,"href":"https:\/\/aliso.fr\/reseau\/wp-json\/wp\/v2\/comments?post=520"}],"version-history":[{"count":5,"href":"https:\/\/aliso.fr\/reseau\/wp-json\/wp\/v2\/pages\/520\/revisions"}],"predecessor-version":[{"id":1937,"href":"https:\/\/aliso.fr\/reseau\/wp-json\/wp\/v2\/pages\/520\/revisions\/1937"}],"wp:attachment":[{"href":"https:\/\/aliso.fr\/reseau\/wp-json\/wp\/v2\/media?parent=520"}],"curies":[{"name":"wp","href":"https:\/\/api.w.org\/{rel}","templated":true}]}}