{"id":736,"date":"2022-03-17T17:40:52","date_gmt":"2022-03-17T16:40:52","guid":{"rendered":"https:\/\/aliso.fr\/reseau\/?page_id=736"},"modified":"2025-03-13T11:51:54","modified_gmt":"2025-03-13T10:51:54","slug":"la-carte-des-adherents-aliso","status":"publish","type":"page","link":"https:\/\/aliso.fr\/reseau\/la-carte-des-adherents-aliso\/","title":{"rendered":"La carte des adh\u00e9rents Aliso"},"content":{"rendered":"\n\n\n<figure class=\"wp-block-image size-large is-resized\"><img loading=\"lazy\" decoding=\"async\" width=\"440\" height=\"330\" src=\"https:\/\/aliso.fr\/reseau\/wp-content\/uploads\/sites\/4\/2025\/03\/simplifiee-carte-reseau-septembre-20241-440x330.png\" alt=\"\" class=\"wp-image-2880\" style=\"width:899px;height:635px\" srcset=\"https:\/\/aliso.fr\/reseau\/wp-content\/uploads\/sites\/4\/2025\/03\/simplifiee-carte-reseau-septembre-20241-440x330.png 440w, https:\/\/aliso.fr\/reseau\/wp-content\/uploads\/sites\/4\/2025\/03\/simplifiee-carte-reseau-septembre-20241-253x190.png 253w, https:\/\/aliso.fr\/reseau\/wp-content\/uploads\/sites\/4\/2025\/03\/simplifiee-carte-reseau-septembre-20241-768x576.png 768w, https:\/\/aliso.fr\/reseau\/wp-content\/uploads\/sites\/4\/2025\/03\/simplifiee-carte-reseau-septembre-20241-1536x1152.png 1536w, https:\/\/aliso.fr\/reseau\/wp-content\/uploads\/sites\/4\/2025\/03\/simplifiee-carte-reseau-septembre-20241-2048x1536.png 2048w, https:\/\/aliso.fr\/reseau\/wp-content\/uploads\/sites\/4\/2025\/03\/simplifiee-carte-reseau-septembre-20241-1320x990.png 1320w\" sizes=\"auto, (max-width: 440px) 100vw, 440px\" \/><\/figure>\n","protected":false},"excerpt":{"rendered":"","protected":false},"author":1,"featured_media":0,"parent":0,"menu_order":0,"comment_status":"closed","ping_status":"closed","template":"","meta":{"footnotes":""},"class_list":["post-736","page","type-page","status-publish","hentry"],"yoast_head":"<!-- This site is optimized with the Yoast SEO plugin v27.3 - https:\/\/yoast.com\/product\/yoast-seo-wordpress\/ -->\n<title>La carte des adh\u00e9rents Aliso - Aliso R\u00e9seau<\/title>\n<meta name=\"description\" content=\"Retrouvez la carte de Creuse avec les diff\u00e9rents adh\u00e9rents du r\u00e9seau creusois des Acteurs du LIen SOcial. Ils sont une trentaine.\" \/>\n<meta name=\"robots\" content=\"index, follow, max-snippet:-1, max-image-preview:large, max-video-preview:-1\" \/>\n<link rel=\"canonical\" href=\"https:\/\/aliso.fr\/reseau\/la-carte-des-adherents-aliso\/\" \/>\n<meta property=\"og:locale\" content=\"fr_FR\" \/>\n<meta property=\"og:type\" content=\"article\" \/>\n<meta property=\"og:title\" content=\"La carte des adh\u00e9rents Aliso - Aliso R\u00e9seau\" \/>\n<meta property=\"og:description\" content=\"Retrouvez la carte de Creuse avec les diff\u00e9rents adh\u00e9rents du r\u00e9seau creusois des Acteurs du LIen SOcial. Ils sont une trentaine.\" \/>\n<meta property=\"og:url\" content=\"https:\/\/aliso.fr\/reseau\/la-carte-des-adherents-aliso\/\" \/>\n<meta property=\"og:site_name\" content=\"Aliso R\u00e9seau\" \/>\n<meta property=\"article:modified_time\" content=\"2025-03-13T10:51:54+00:00\" \/>\n<meta property=\"og:image\" content=\"https:\/\/aliso.fr\/reseau\/wp-content\/uploads\/sites\/4\/2025\/03\/simplifiee-carte-reseau-septembre-20241-440x330.png\" \/>\n\t<meta property=\"og:image:width\" content=\"440\" \/>\n\t<meta property=\"og:image:height\" content=\"330\" \/>\n\t<meta property=\"og:image:type\" content=\"image\/png\" \/>\n<meta name=\"twitter:card\" content=\"summary_large_image\" \/>\n<script type=\"application\/ld+json\" class=\"yoast-schema-graph\">{\"@context\":\"https:\\\/\\\/schema.org\",\"@graph\":[{\"@type\":\"WebPage\",\"@id\":\"https:\\\/\\\/aliso.fr\\\/reseau\\\/la-carte-des-adherents-aliso\\\/\",\"url\":\"https:\\\/\\\/aliso.fr\\\/reseau\\\/la-carte-des-adherents-aliso\\\/\",\"name\":\"La carte des adh\u00e9rents Aliso - Aliso R\u00e9seau\",\"isPartOf\":{\"@id\":\"https:\\\/\\\/aliso.fr\\\/reseau\\\/#website\"},\"primaryImageOfPage\":{\"@id\":\"https:\\\/\\\/aliso.fr\\\/reseau\\\/la-carte-des-adherents-aliso\\\/#primaryimage\"},\"image\":{\"@id\":\"https:\\\/\\\/aliso.fr\\\/reseau\\\/la-carte-des-adherents-aliso\\\/#primaryimage\"},\"thumbnailUrl\":\"https:\\\/\\\/aliso.fr\\\/reseau\\\/wp-content\\\/uploads\\\/sites\\\/4\\\/2025\\\/03\\\/simplifiee-carte-reseau-septembre-20241-440x330.png\",\"datePublished\":\"2022-03-17T16:40:52+00:00\",\"dateModified\":\"2025-03-13T10:51:54+00:00\",\"description\":\"Retrouvez la carte de Creuse avec les diff\u00e9rents adh\u00e9rents du r\u00e9seau creusois des Acteurs du LIen SOcial. Ils sont une trentaine.\",\"breadcrumb\":{\"@id\":\"https:\\\/\\\/aliso.fr\\\/reseau\\\/la-carte-des-adherents-aliso\\\/#breadcrumb\"},\"inLanguage\":\"fr-FR\",\"potentialAction\":[{\"@type\":\"ReadAction\",\"target\":[\"https:\\\/\\\/aliso.fr\\\/reseau\\\/la-carte-des-adherents-aliso\\\/\"]}]},{\"@type\":\"ImageObject\",\"inLanguage\":\"fr-FR\",\"@id\":\"https:\\\/\\\/aliso.fr\\\/reseau\\\/la-carte-des-adherents-aliso\\\/#primaryimage\",\"url\":\"https:\\\/\\\/aliso.fr\\\/reseau\\\/wp-content\\\/uploads\\\/sites\\\/4\\\/2025\\\/03\\\/simplifiee-carte-reseau-septembre-20241.png\",\"contentUrl\":\"https:\\\/\\\/aliso.fr\\\/reseau\\\/wp-content\\\/uploads\\\/sites\\\/4\\\/2025\\\/03\\\/simplifiee-carte-reseau-septembre-20241.png\",\"width\":4608,\"height\":3456},{\"@type\":\"BreadcrumbList\",\"@id\":\"https:\\\/\\\/aliso.fr\\\/reseau\\\/la-carte-des-adherents-aliso\\\/#breadcrumb\",\"itemListElement\":[{\"@type\":\"ListItem\",\"position\":1,\"name\":\"Accueil\",\"item\":\"https:\\\/\\\/aliso.fr\\\/reseau\\\/\"},{\"@type\":\"ListItem\",\"position\":2,\"name\":\"La carte des adh\u00e9rents Aliso\"}]},{\"@type\":\"WebSite\",\"@id\":\"https:\\\/\\\/aliso.fr\\\/reseau\\\/#website\",\"url\":\"https:\\\/\\\/aliso.fr\\\/reseau\\\/\",\"name\":\"Aliso R\u00e9seau\",\"description\":\"R\u00e9seau Creusois des acteurs du lien social\",\"publisher\":{\"@id\":\"https:\\\/\\\/aliso.fr\\\/reseau\\\/#organization\"},\"potentialAction\":[{\"@type\":\"SearchAction\",\"target\":{\"@type\":\"EntryPoint\",\"urlTemplate\":\"https:\\\/\\\/aliso.fr\\\/reseau\\\/?s={search_term_string}\"},\"query-input\":{\"@type\":\"PropertyValueSpecification\",\"valueRequired\":true,\"valueName\":\"search_term_string\"}}],\"inLanguage\":\"fr-FR\"},{\"@type\":\"Organization\",\"@id\":\"https:\\\/\\\/aliso.fr\\\/reseau\\\/#organization\",\"name\":\"Aliso R\u00e9seau\",\"url\":\"https:\\\/\\\/aliso.fr\\\/reseau\\\/\",\"logo\":{\"@type\":\"ImageObject\",\"inLanguage\":\"fr-FR\",\"@id\":\"https:\\\/\\\/aliso.fr\\\/reseau\\\/#\\\/schema\\\/logo\\\/image\\\/\",\"url\":\"https:\\\/\\\/aliso.fr\\\/reseau\\\/wp-content\\\/uploads\\\/sites\\\/4\\\/2022\\\/01\\\/Logo-ALISO-Reseau-2.png\",\"contentUrl\":\"https:\\\/\\\/aliso.fr\\\/reseau\\\/wp-content\\\/uploads\\\/sites\\\/4\\\/2022\\\/01\\\/Logo-ALISO-Reseau-2.png\",\"width\":900,\"height\":970,\"caption\":\"Aliso R\u00e9seau\"},\"image\":{\"@id\":\"https:\\\/\\\/aliso.fr\\\/reseau\\\/#\\\/schema\\\/logo\\\/image\\\/\"}}]}<\/script>\n<!-- \/ Yoast SEO plugin. -->","yoast_head_json":{"title":"La carte des adh\u00e9rents Aliso - Aliso R\u00e9seau","description":"Retrouvez la carte de Creuse avec les diff\u00e9rents adh\u00e9rents du r\u00e9seau creusois des Acteurs du LIen SOcial. Ils sont une trentaine.","robots":{"index":"index","follow":"follow","max-snippet":"max-snippet:-1","max-image-preview":"max-image-preview:large","max-video-preview":"max-video-preview:-1"},"canonical":"https:\/\/aliso.fr\/reseau\/la-carte-des-adherents-aliso\/","og_locale":"fr_FR","og_type":"article","og_title":"La carte des adh\u00e9rents Aliso - Aliso R\u00e9seau","og_description":"Retrouvez la carte de Creuse avec les diff\u00e9rents adh\u00e9rents du r\u00e9seau creusois des Acteurs du LIen SOcial. Ils sont une trentaine.","og_url":"https:\/\/aliso.fr\/reseau\/la-carte-des-adherents-aliso\/","og_site_name":"Aliso R\u00e9seau","article_modified_time":"2025-03-13T10:51:54+00:00","og_image":[{"width":440,"height":330,"url":"https:\/\/aliso.fr\/reseau\/wp-content\/uploads\/sites\/4\/2025\/03\/simplifiee-carte-reseau-septembre-20241-440x330.png","type":"image\/png"}],"twitter_card":"summary_large_image","schema":{"@context":"https:\/\/schema.org","@graph":[{"@type":"WebPage","@id":"https:\/\/aliso.fr\/reseau\/la-carte-des-adherents-aliso\/","url":"https:\/\/aliso.fr\/reseau\/la-carte-des-adherents-aliso\/","name":"La carte des adh\u00e9rents Aliso - Aliso R\u00e9seau","isPartOf":{"@id":"https:\/\/aliso.fr\/reseau\/#website"},"primaryImageOfPage":{"@id":"https:\/\/aliso.fr\/reseau\/la-carte-des-adherents-aliso\/#primaryimage"},"image":{"@id":"https:\/\/aliso.fr\/reseau\/la-carte-des-adherents-aliso\/#primaryimage"},"thumbnailUrl":"https:\/\/aliso.fr\/reseau\/wp-content\/uploads\/sites\/4\/2025\/03\/simplifiee-carte-reseau-septembre-20241-440x330.png","datePublished":"2022-03-17T16:40:52+00:00","dateModified":"2025-03-13T10:51:54+00:00","description":"Retrouvez la carte de Creuse avec les diff\u00e9rents adh\u00e9rents du r\u00e9seau creusois des Acteurs du LIen SOcial. Ils sont une trentaine.","breadcrumb":{"@id":"https:\/\/aliso.fr\/reseau\/la-carte-des-adherents-aliso\/#breadcrumb"},"inLanguage":"fr-FR","potentialAction":[{"@type":"ReadAction","target":["https:\/\/aliso.fr\/reseau\/la-carte-des-adherents-aliso\/"]}]},{"@type":"ImageObject","inLanguage":"fr-FR","@id":"https:\/\/aliso.fr\/reseau\/la-carte-des-adherents-aliso\/#primaryimage","url":"https:\/\/aliso.fr\/reseau\/wp-content\/uploads\/sites\/4\/2025\/03\/simplifiee-carte-reseau-septembre-20241.png","contentUrl":"https:\/\/aliso.fr\/reseau\/wp-content\/uploads\/sites\/4\/2025\/03\/simplifiee-carte-reseau-septembre-20241.png","width":4608,"height":3456},{"@type":"BreadcrumbList","@id":"https:\/\/aliso.fr\/reseau\/la-carte-des-adherents-aliso\/#breadcrumb","itemListElement":[{"@type":"ListItem","position":1,"name":"Accueil","item":"https:\/\/aliso.fr\/reseau\/"},{"@type":"ListItem","position":2,"name":"La carte des adh\u00e9rents Aliso"}]},{"@type":"WebSite","@id":"https:\/\/aliso.fr\/reseau\/#website","url":"https:\/\/aliso.fr\/reseau\/","name":"Aliso R\u00e9seau","description":"R\u00e9seau Creusois des acteurs du lien social","publisher":{"@id":"https:\/\/aliso.fr\/reseau\/#organization"},"potentialAction":[{"@type":"SearchAction","target":{"@type":"EntryPoint","urlTemplate":"https:\/\/aliso.fr\/reseau\/?s={search_term_string}"},"query-input":{"@type":"PropertyValueSpecification","valueRequired":true,"valueName":"search_term_string"}}],"inLanguage":"fr-FR"},{"@type":"Organization","@id":"https:\/\/aliso.fr\/reseau\/#organization","name":"Aliso R\u00e9seau","url":"https:\/\/aliso.fr\/reseau\/","logo":{"@type":"ImageObject","inLanguage":"fr-FR","@id":"https:\/\/aliso.fr\/reseau\/#\/schema\/logo\/image\/","url":"https:\/\/aliso.fr\/reseau\/wp-content\/uploads\/sites\/4\/2022\/01\/Logo-ALISO-Reseau-2.png","contentUrl":"https:\/\/aliso.fr\/reseau\/wp-content\/uploads\/sites\/4\/2022\/01\/Logo-ALISO-Reseau-2.png","width":900,"height":970,"caption":"Aliso R\u00e9seau"},"image":{"@id":"https:\/\/aliso.fr\/reseau\/#\/schema\/logo\/image\/"}}]}},"_links":{"self":[{"href":"https:\/\/aliso.fr\/reseau\/wp-json\/wp\/v2\/pages\/736","targetHints":{"allow":["GET"]}}],"collection":[{"href":"https:\/\/aliso.fr\/reseau\/wp-json\/wp\/v2\/pages"}],"about":[{"href":"https:\/\/aliso.fr\/reseau\/wp-json\/wp\/v2\/types\/page"}],"author":[{"embeddable":true,"href":"https:\/\/aliso.fr\/reseau\/wp-json\/wp\/v2\/users\/1"}],"replies":[{"embeddable":true,"href":"https:\/\/aliso.fr\/reseau\/wp-json\/wp\/v2\/comments?post=736"}],"version-history":[{"count":5,"href":"https:\/\/aliso.fr\/reseau\/wp-json\/wp\/v2\/pages\/736\/revisions"}],"predecessor-version":[{"id":2881,"href":"https:\/\/aliso.fr\/reseau\/wp-json\/wp\/v2\/pages\/736\/revisions\/2881"}],"wp:attachment":[{"href":"https:\/\/aliso.fr\/reseau\/wp-json\/wp\/v2\/media?parent=736"}],"curies":[{"name":"wp","href":"https:\/\/api.w.org\/{rel}","templated":true}]}}