{"id":857,"date":"2022-04-20T15:22:52","date_gmt":"2022-04-20T13:22:52","guid":{"rendered":"https:\/\/aliso.fr\/reseau\/?page_id=857"},"modified":"2025-08-27T11:57:26","modified_gmt":"2025-08-27T09:57:26","slug":"les-statuts","status":"publish","type":"page","link":"https:\/\/aliso.fr\/reseau\/les-statuts\/","title":{"rendered":"Les Statuts"},"content":{"rendered":"\n<div data-wp-interactive=\"core\/file\" class=\"wp-block-file\"><object data-wp-bind--hidden=\"!state.hasPdfPreview\" hidden class=\"wp-block-file__embed\" data=\"https:\/\/aliso.fr\/reseau\/wp-content\/uploads\/sites\/4\/2023\/04\/ALISO-Statuts-2023.pdf\" type=\"application\/pdf\" style=\"width:100%;height:600px\" aria-label=\"Contenu embarqu\u00e9 ALISO-Statuts-2023.\"><\/object><a id=\"wp-block-file--media-0a06c214-9f6b-49c9-8967-b4e2aff62f8d\" href=\"https:\/\/aliso.fr\/reseau\/wp-content\/uploads\/sites\/4\/2023\/04\/ALISO-Statuts-2023.pdf\">ALISO-Statuts-2023<\/a><a href=\"https:\/\/aliso.fr\/reseau\/wp-content\/uploads\/sites\/4\/2023\/04\/ALISO-Statuts-2023.pdf\" class=\"wp-block-file__button wp-element-button\" download aria-describedby=\"wp-block-file--media-0a06c214-9f6b-49c9-8967-b4e2aff62f8d\">T\u00e9l\u00e9charger<\/a><\/div>\n\n\n\n<div style=\"height:50px\" aria-hidden=\"true\" class=\"wp-block-spacer\"><\/div>\n\n\n\n<h2 class=\"wp-block-heading\">Le bureau d&rsquo;ALiso<\/h2>\n\n\n\n<figure class=\"wp-block-image size-large is-resized\"><img loading=\"lazy\" decoding=\"async\" width=\"440\" height=\"330\" src=\"https:\/\/aliso.fr\/reseau\/wp-content\/uploads\/sites\/4\/2025\/08\/Bureau-ALISO-avril-20251-440x330.png\" alt=\"\" class=\"wp-image-3096\" style=\"width:616px;height:auto\" srcset=\"https:\/\/aliso.fr\/reseau\/wp-content\/uploads\/sites\/4\/2025\/08\/Bureau-ALISO-avril-20251-440x330.png 440w, https:\/\/aliso.fr\/reseau\/wp-content\/uploads\/sites\/4\/2025\/08\/Bureau-ALISO-avril-20251-253x190.png 253w, https:\/\/aliso.fr\/reseau\/wp-content\/uploads\/sites\/4\/2025\/08\/Bureau-ALISO-avril-20251-768x576.png 768w, https:\/\/aliso.fr\/reseau\/wp-content\/uploads\/sites\/4\/2025\/08\/Bureau-ALISO-avril-20251.png 1024w\" sizes=\"auto, (max-width: 440px) 100vw, 440px\" \/><\/figure>\n\n\n\n<p><br><\/p>\n\n\n\n<div style=\"height:50px\" aria-hidden=\"true\" class=\"wp-block-spacer\"><\/div>\n\n\n\n<h2 class=\"wp-block-heading\">LE FONCTIONNEMENT DU BUREAU<\/h2>\n\n\n\n<div data-wp-interactive=\"core\/file\" class=\"wp-block-file\"><object data-wp-bind--hidden=\"!state.hasPdfPreview\" hidden class=\"wp-block-file__embed\" data=\"https:\/\/aliso.fr\/reseau\/wp-content\/uploads\/sites\/4\/2023\/08\/visuel-anime-GouVernance-ALiso-090123.pdf\" type=\"application\/pdf\" style=\"width:100%;height:600px\" aria-label=\"Contenu embarqu\u00e9 visuel-anime-GouVernance-ALiso-090123.\"><\/object><a id=\"wp-block-file--media-fdcf735d-e0dc-4b1d-ae49-ddadca715727\" href=\"https:\/\/aliso.fr\/reseau\/wp-content\/uploads\/sites\/4\/2023\/08\/visuel-anime-GouVernance-ALiso-090123.pdf\">visuel-anime-GouVernance-ALiso-090123<\/a><a href=\"https:\/\/aliso.fr\/reseau\/wp-content\/uploads\/sites\/4\/2023\/08\/visuel-anime-GouVernance-ALiso-090123.pdf\" class=\"wp-block-file__button wp-element-button\" download aria-describedby=\"wp-block-file--media-fdcf735d-e0dc-4b1d-ae49-ddadca715727\">T\u00e9l\u00e9charger<\/a><\/div>\n","protected":false},"excerpt":{"rendered":"<p>Le bureau d&rsquo;ALiso LE FONCTIONNEMENT DU BUREAU<\/p>\n","protected":false},"author":3,"featured_media":0,"parent":0,"menu_order":0,"comment_status":"closed","ping_status":"closed","template":"","meta":{"footnotes":""},"class_list":["post-857","page","type-page","status-publish","hentry"],"yoast_head":"<!-- This site is optimized with the Yoast SEO plugin v27.4 - https:\/\/yoast.com\/product\/yoast-seo-wordpress\/ -->\n<title>Les Statuts - Aliso R\u00e9seau<\/title>\n<meta name=\"description\" content=\"Les statuts d&#039;ALISO : Les lire et les t\u00e9l\u00e9charger sur le site du r\u00e9seau creusois des Acteurs du LIen SOcial.\" \/>\n<meta name=\"robots\" content=\"index, follow, max-snippet:-1, max-image-preview:large, max-video-preview:-1\" \/>\n<link rel=\"canonical\" href=\"https:\/\/aliso.fr\/reseau\/les-statuts\/\" \/>\n<meta property=\"og:locale\" content=\"fr_FR\" \/>\n<meta property=\"og:type\" content=\"article\" \/>\n<meta property=\"og:title\" content=\"Les Statuts - Aliso R\u00e9seau\" \/>\n<meta property=\"og:description\" content=\"Les statuts d&#039;ALISO : Les lire et les t\u00e9l\u00e9charger sur le site du r\u00e9seau creusois des Acteurs du LIen SOcial.\" \/>\n<meta property=\"og:url\" content=\"https:\/\/aliso.fr\/reseau\/les-statuts\/\" \/>\n<meta property=\"og:site_name\" content=\"Aliso R\u00e9seau\" \/>\n<meta property=\"article:modified_time\" content=\"2025-08-27T09:57:26+00:00\" \/>\n<meta property=\"og:image\" content=\"https:\/\/aliso.fr\/reseau\/wp-content\/uploads\/sites\/4\/2025\/08\/Bureau-ALISO-avril-20251.png\" \/>\n\t<meta property=\"og:image:width\" content=\"1024\" \/>\n\t<meta property=\"og:image:height\" content=\"768\" \/>\n\t<meta property=\"og:image:type\" content=\"image\/png\" \/>\n<meta name=\"twitter:card\" content=\"summary_large_image\" \/>\n<script type=\"application\/ld+json\" class=\"yoast-schema-graph\">{\"@context\":\"https:\\\/\\\/schema.org\",\"@graph\":[{\"@type\":\"WebPage\",\"@id\":\"https:\\\/\\\/aliso.fr\\\/reseau\\\/les-statuts\\\/\",\"url\":\"https:\\\/\\\/aliso.fr\\\/reseau\\\/les-statuts\\\/\",\"name\":\"Les Statuts - Aliso R\u00e9seau\",\"isPartOf\":{\"@id\":\"https:\\\/\\\/aliso.fr\\\/reseau\\\/#website\"},\"primaryImageOfPage\":{\"@id\":\"https:\\\/\\\/aliso.fr\\\/reseau\\\/les-statuts\\\/#primaryimage\"},\"image\":{\"@id\":\"https:\\\/\\\/aliso.fr\\\/reseau\\\/les-statuts\\\/#primaryimage\"},\"thumbnailUrl\":\"https:\\\/\\\/aliso.fr\\\/reseau\\\/wp-content\\\/uploads\\\/sites\\\/4\\\/2025\\\/08\\\/Bureau-ALISO-avril-20251-440x330.png\",\"datePublished\":\"2022-04-20T13:22:52+00:00\",\"dateModified\":\"2025-08-27T09:57:26+00:00\",\"description\":\"Les statuts d'ALISO : Les lire et les t\u00e9l\u00e9charger sur le site du r\u00e9seau creusois des Acteurs du LIen SOcial.\",\"breadcrumb\":{\"@id\":\"https:\\\/\\\/aliso.fr\\\/reseau\\\/les-statuts\\\/#breadcrumb\"},\"inLanguage\":\"fr-FR\",\"potentialAction\":[{\"@type\":\"ReadAction\",\"target\":[\"https:\\\/\\\/aliso.fr\\\/reseau\\\/les-statuts\\\/\"]}]},{\"@type\":\"ImageObject\",\"inLanguage\":\"fr-FR\",\"@id\":\"https:\\\/\\\/aliso.fr\\\/reseau\\\/les-statuts\\\/#primaryimage\",\"url\":\"https:\\\/\\\/aliso.fr\\\/reseau\\\/wp-content\\\/uploads\\\/sites\\\/4\\\/2025\\\/08\\\/Bureau-ALISO-avril-20251.png\",\"contentUrl\":\"https:\\\/\\\/aliso.fr\\\/reseau\\\/wp-content\\\/uploads\\\/sites\\\/4\\\/2025\\\/08\\\/Bureau-ALISO-avril-20251.png\",\"width\":1024,\"height\":768},{\"@type\":\"BreadcrumbList\",\"@id\":\"https:\\\/\\\/aliso.fr\\\/reseau\\\/les-statuts\\\/#breadcrumb\",\"itemListElement\":[{\"@type\":\"ListItem\",\"position\":1,\"name\":\"Accueil\",\"item\":\"https:\\\/\\\/aliso.fr\\\/reseau\\\/\"},{\"@type\":\"ListItem\",\"position\":2,\"name\":\"Les Statuts\"}]},{\"@type\":\"WebSite\",\"@id\":\"https:\\\/\\\/aliso.fr\\\/reseau\\\/#website\",\"url\":\"https:\\\/\\\/aliso.fr\\\/reseau\\\/\",\"name\":\"Aliso R\u00e9seau\",\"description\":\"R\u00e9seau Creusois des acteurs du lien social\",\"publisher\":{\"@id\":\"https:\\\/\\\/aliso.fr\\\/reseau\\\/#organization\"},\"potentialAction\":[{\"@type\":\"SearchAction\",\"target\":{\"@type\":\"EntryPoint\",\"urlTemplate\":\"https:\\\/\\\/aliso.fr\\\/reseau\\\/?s={search_term_string}\"},\"query-input\":{\"@type\":\"PropertyValueSpecification\",\"valueRequired\":true,\"valueName\":\"search_term_string\"}}],\"inLanguage\":\"fr-FR\"},{\"@type\":\"Organization\",\"@id\":\"https:\\\/\\\/aliso.fr\\\/reseau\\\/#organization\",\"name\":\"Aliso R\u00e9seau\",\"url\":\"https:\\\/\\\/aliso.fr\\\/reseau\\\/\",\"logo\":{\"@type\":\"ImageObject\",\"inLanguage\":\"fr-FR\",\"@id\":\"https:\\\/\\\/aliso.fr\\\/reseau\\\/#\\\/schema\\\/logo\\\/image\\\/\",\"url\":\"https:\\\/\\\/aliso.fr\\\/reseau\\\/wp-content\\\/uploads\\\/sites\\\/4\\\/2022\\\/01\\\/Logo-ALISO-Reseau-2.png\",\"contentUrl\":\"https:\\\/\\\/aliso.fr\\\/reseau\\\/wp-content\\\/uploads\\\/sites\\\/4\\\/2022\\\/01\\\/Logo-ALISO-Reseau-2.png\",\"width\":900,\"height\":970,\"caption\":\"Aliso R\u00e9seau\"},\"image\":{\"@id\":\"https:\\\/\\\/aliso.fr\\\/reseau\\\/#\\\/schema\\\/logo\\\/image\\\/\"}}]}<\/script>\n<!-- \/ Yoast SEO plugin. -->","yoast_head_json":{"title":"Les Statuts - Aliso R\u00e9seau","description":"Les statuts d'ALISO : Les lire et les t\u00e9l\u00e9charger sur le site du r\u00e9seau creusois des Acteurs du LIen SOcial.","robots":{"index":"index","follow":"follow","max-snippet":"max-snippet:-1","max-image-preview":"max-image-preview:large","max-video-preview":"max-video-preview:-1"},"canonical":"https:\/\/aliso.fr\/reseau\/les-statuts\/","og_locale":"fr_FR","og_type":"article","og_title":"Les Statuts - Aliso R\u00e9seau","og_description":"Les statuts d'ALISO : Les lire et les t\u00e9l\u00e9charger sur le site du r\u00e9seau creusois des Acteurs du LIen SOcial.","og_url":"https:\/\/aliso.fr\/reseau\/les-statuts\/","og_site_name":"Aliso R\u00e9seau","article_modified_time":"2025-08-27T09:57:26+00:00","og_image":[{"width":1024,"height":768,"url":"https:\/\/aliso.fr\/reseau\/wp-content\/uploads\/sites\/4\/2025\/08\/Bureau-ALISO-avril-20251.png","type":"image\/png"}],"twitter_card":"summary_large_image","schema":{"@context":"https:\/\/schema.org","@graph":[{"@type":"WebPage","@id":"https:\/\/aliso.fr\/reseau\/les-statuts\/","url":"https:\/\/aliso.fr\/reseau\/les-statuts\/","name":"Les Statuts - Aliso R\u00e9seau","isPartOf":{"@id":"https:\/\/aliso.fr\/reseau\/#website"},"primaryImageOfPage":{"@id":"https:\/\/aliso.fr\/reseau\/les-statuts\/#primaryimage"},"image":{"@id":"https:\/\/aliso.fr\/reseau\/les-statuts\/#primaryimage"},"thumbnailUrl":"https:\/\/aliso.fr\/reseau\/wp-content\/uploads\/sites\/4\/2025\/08\/Bureau-ALISO-avril-20251-440x330.png","datePublished":"2022-04-20T13:22:52+00:00","dateModified":"2025-08-27T09:57:26+00:00","description":"Les statuts d'ALISO : Les lire et les t\u00e9l\u00e9charger sur le site du r\u00e9seau creusois des Acteurs du LIen SOcial.","breadcrumb":{"@id":"https:\/\/aliso.fr\/reseau\/les-statuts\/#breadcrumb"},"inLanguage":"fr-FR","potentialAction":[{"@type":"ReadAction","target":["https:\/\/aliso.fr\/reseau\/les-statuts\/"]}]},{"@type":"ImageObject","inLanguage":"fr-FR","@id":"https:\/\/aliso.fr\/reseau\/les-statuts\/#primaryimage","url":"https:\/\/aliso.fr\/reseau\/wp-content\/uploads\/sites\/4\/2025\/08\/Bureau-ALISO-avril-20251.png","contentUrl":"https:\/\/aliso.fr\/reseau\/wp-content\/uploads\/sites\/4\/2025\/08\/Bureau-ALISO-avril-20251.png","width":1024,"height":768},{"@type":"BreadcrumbList","@id":"https:\/\/aliso.fr\/reseau\/les-statuts\/#breadcrumb","itemListElement":[{"@type":"ListItem","position":1,"name":"Accueil","item":"https:\/\/aliso.fr\/reseau\/"},{"@type":"ListItem","position":2,"name":"Les Statuts"}]},{"@type":"WebSite","@id":"https:\/\/aliso.fr\/reseau\/#website","url":"https:\/\/aliso.fr\/reseau\/","name":"Aliso R\u00e9seau","description":"R\u00e9seau Creusois des acteurs du lien social","publisher":{"@id":"https:\/\/aliso.fr\/reseau\/#organization"},"potentialAction":[{"@type":"SearchAction","target":{"@type":"EntryPoint","urlTemplate":"https:\/\/aliso.fr\/reseau\/?s={search_term_string}"},"query-input":{"@type":"PropertyValueSpecification","valueRequired":true,"valueName":"search_term_string"}}],"inLanguage":"fr-FR"},{"@type":"Organization","@id":"https:\/\/aliso.fr\/reseau\/#organization","name":"Aliso R\u00e9seau","url":"https:\/\/aliso.fr\/reseau\/","logo":{"@type":"ImageObject","inLanguage":"fr-FR","@id":"https:\/\/aliso.fr\/reseau\/#\/schema\/logo\/image\/","url":"https:\/\/aliso.fr\/reseau\/wp-content\/uploads\/sites\/4\/2022\/01\/Logo-ALISO-Reseau-2.png","contentUrl":"https:\/\/aliso.fr\/reseau\/wp-content\/uploads\/sites\/4\/2022\/01\/Logo-ALISO-Reseau-2.png","width":900,"height":970,"caption":"Aliso R\u00e9seau"},"image":{"@id":"https:\/\/aliso.fr\/reseau\/#\/schema\/logo\/image\/"}}]}},"_links":{"self":[{"href":"https:\/\/aliso.fr\/reseau\/wp-json\/wp\/v2\/pages\/857","targetHints":{"allow":["GET"]}}],"collection":[{"href":"https:\/\/aliso.fr\/reseau\/wp-json\/wp\/v2\/pages"}],"about":[{"href":"https:\/\/aliso.fr\/reseau\/wp-json\/wp\/v2\/types\/page"}],"author":[{"embeddable":true,"href":"https:\/\/aliso.fr\/reseau\/wp-json\/wp\/v2\/users\/3"}],"replies":[{"embeddable":true,"href":"https:\/\/aliso.fr\/reseau\/wp-json\/wp\/v2\/comments?post=857"}],"version-history":[{"count":5,"href":"https:\/\/aliso.fr\/reseau\/wp-json\/wp\/v2\/pages\/857\/revisions"}],"predecessor-version":[{"id":3099,"href":"https:\/\/aliso.fr\/reseau\/wp-json\/wp\/v2\/pages\/857\/revisions\/3099"}],"wp:attachment":[{"href":"https:\/\/aliso.fr\/reseau\/wp-json\/wp\/v2\/media?parent=857"}],"curies":[{"name":"wp","href":"https:\/\/api.w.org\/{rel}","templated":true}]}}